{"id":12,"date":"2024-11-21T21:24:19","date_gmt":"2024-11-21T20:24:19","guid":{"rendered":"https:\/\/new.acromodeles44.fr\/?page_id=12"},"modified":"2026-04-15T20:13:25","modified_gmt":"2026-04-15T18:13:25","slug":"acromodeles44-modele-reduits-loire-atlantique-modelisme","status":"publish","type":"page","link":"https:\/\/new.acromodeles44.fr\/","title":{"rendered":"Bienvenue chez Acromod\u00e8les 44"},"content":{"rendered":"\n<ul class=\"wp-block-list\">\n<li>&nbsp;&nbsp;&nbsp;Acro-mod\u00e8les 44 est un club d\u2019a\u00e9romod\u00e9lisme cr\u00e9\u00e9 en 1989, Adresse : La fournerie, 44440 Teill\u00e9, Fr<\/li>\n\n\n\n<li>&nbsp;&nbsp;&nbsp;Cette association de loi 1901 est affili\u00e9e \u00e0 la F\u00e9d\u00e9ration Fran\u00e7aise d\u2019A\u00e9romod\u00e9lisme sous le N\u00b0 FFAM 0644<\/li>\n<\/ul>\n\n\n<div class=\"wp-block-image\">\n<figure class=\"aligncenter size-large\"><img loading=\"lazy\" decoding=\"async\" width=\"1024\" height=\"576\" src=\"https:\/\/new.acromodeles44.fr\/wp-content\/uploads\/2024\/11\/Club-AM44-1024x576.jpg\" alt=\"\" class=\"wp-image-28\" srcset=\"https:\/\/new.acromodeles44.fr\/wp-content\/uploads\/2024\/11\/Club-AM44-1024x576.jpg 1024w, https:\/\/new.acromodeles44.fr\/wp-content\/uploads\/2024\/11\/Club-AM44-300x169.jpg 300w, https:\/\/new.acromodeles44.fr\/wp-content\/uploads\/2024\/11\/Club-AM44-768x432.jpg 768w, https:\/\/new.acromodeles44.fr\/wp-content\/uploads\/2024\/11\/Club-AM44-1536x864.jpg 1536w, https:\/\/new.acromodeles44.fr\/wp-content\/uploads\/2024\/11\/Club-AM44.jpg 1600w\" sizes=\"auto, (max-width: 1024px) 100vw, 1024px\" \/><\/figure>\n<\/div>\n\n\n<p><strong><em>Les \u00e9quipements&nbsp;<\/em><\/strong>:<\/p>\n\n\n\n<p>\u2013 Sanitaire<br>\u2013 douches<br>\u2013 Club House avec Salon et Bar<br>\u2013 Un Atelier de construction<br>\u2013 Un hangar pouvant accueillir plus de 80 personnes<br>\u2013 Un pr\u00e9au sur toute la longueur du hangar<\/p>\n\n\n\n<p>Une zone parfaitement grillag\u00e9e permet d\u2019accueillir le public en toute s\u00e9curit\u00e9 avec une zone parking<br><br><br><strong>le terrain :<\/strong><\/p>\n\n\n\n<p>\u2013 Taxiway<br>\u2013 Une piste bitum\u00e9e de plus de 100m x 9m<br>\u2013 Une piste en herbe pour planeur ( lors de rencontre une seconde piste est disponible ) C\u2019est une \u00e9quipe active qui assure l\u2019entretien et le d\u00e9veloppement des infrastructures du club<br><\/p>\n\n\n\n<figure class=\"wp-block-image size-large\"><img loading=\"lazy\" decoding=\"async\" width=\"1024\" height=\"576\" src=\"https:\/\/new.acromodeles44.fr\/wp-content\/uploads\/2024\/11\/Equipement-AM44-1024x576.jpg\" alt=\"\" class=\"wp-image-29\" srcset=\"https:\/\/new.acromodeles44.fr\/wp-content\/uploads\/2024\/11\/Equipement-AM44-1024x576.jpg 1024w, https:\/\/new.acromodeles44.fr\/wp-content\/uploads\/2024\/11\/Equipement-AM44-300x169.jpg 300w, https:\/\/new.acromodeles44.fr\/wp-content\/uploads\/2024\/11\/Equipement-AM44-768x432.jpg 768w, https:\/\/new.acromodeles44.fr\/wp-content\/uploads\/2024\/11\/Equipement-AM44-1536x864.jpg 1536w, https:\/\/new.acromodeles44.fr\/wp-content\/uploads\/2024\/11\/Equipement-AM44.jpg 1600w\" sizes=\"auto, (max-width: 1024px) 100vw, 1024px\" \/><\/figure>\n\n\n\n<p><strong><em>De multiples disciplines<\/em><\/strong>&nbsp;:<br><br>Le Club est tr\u00e8s orient\u00e9 vers la discipline Planeur.<br>Un grand nombre de cat\u00e9gories est pratiqu\u00e9 au club de Teill\u00e9<\/p>\n\n\n\n<p>\u2013 F3B<br>\u2013 F3I\/F3Q<br>\u2013 Maquettes planeurs<br><br>Dans toutes ces cat\u00e9gories des membres du club ont particip\u00e9 \u00e0 des championnats de France<\/p>\n\n\n\n<p>Bien que les planeurs soient nombreux, la cat\u00e9gorie avion est \u00e9galement pr\u00e9sente.&nbsp;Cela commence par les avions de d\u00e9but jusqu\u2019au VGM et P\u2019tit Gros<br>La discipline h\u00e9licopt\u00e8re se d\u00e9veloppe \u00e9galement.<\/p>\n\n\n<div class=\"wp-block-image\">\n<figure class=\"aligncenter size-full\"><img loading=\"lazy\" decoding=\"async\" width=\"640\" height=\"365\" src=\"https:\/\/new.acromodeles44.fr\/wp-content\/uploads\/2024\/11\/Teille-2017.jpg\" alt=\"\" class=\"wp-image-30\" srcset=\"https:\/\/new.acromodeles44.fr\/wp-content\/uploads\/2024\/11\/Teille-2017.jpg 640w, https:\/\/new.acromodeles44.fr\/wp-content\/uploads\/2024\/11\/Teille-2017-300x171.jpg 300w\" sizes=\"auto, (max-width: 640px) 100vw, 640px\" \/><\/figure>\n<\/div>\n\n\n<div class=\"wp-block-buttons is-content-justification-center is-layout-flex wp-container-core-buttons-is-layout-16018d1d wp-block-buttons-is-layout-flex\">\n<div class=\"wp-block-button\"><a class=\"wp-block-button__link wp-element-button\" href=\"https:\/\/new.acromodeles44.fr\/index.php\/test\/\">Vers Contact \/ inscription<\/a><\/div>\n<\/div>\n\n\n\n<p><\/p>\n","protected":false},"excerpt":{"rendered":"<p>Les \u00e9quipements&nbsp;: \u2013 Sanitaire\u2013 douches\u2013 Club House avec Salon et Bar\u2013 Un Atelier de construction\u2013 Un hangar pouvant accueillir plus de 80 personnes\u2013 Un pr\u00e9au sur toute la longueur du hangar Une zone parfaitement grillag\u00e9e permet d\u2019accueillir le public en &hellip; <a href=\"https:\/\/new.acromodeles44.fr\/\">Lire la suite\u00ad\u00ad<\/a><\/p>\n","protected":false},"author":1,"featured_media":28,"parent":0,"menu_order":0,"comment_status":"closed","ping_status":"closed","template":"","meta":{"_bbp_topic_count":0,"_bbp_reply_count":0,"_bbp_total_topic_count":0,"_bbp_total_reply_count":0,"_bbp_voice_count":0,"_bbp_anonymous_reply_count":0,"_bbp_topic_count_hidden":0,"_bbp_reply_count_hidden":0,"_bbp_forum_subforum_count":0,"_EventAllDay":false,"_EventTimezone":"","_EventStartDate":"","_EventEndDate":"","_EventStartDateUTC":"","_EventEndDateUTC":"","_EventShowMap":false,"_EventShowMapLink":false,"_EventURL":"","_EventCost":"","_EventCostDescription":"","_EventCurrencySymbol":"","_EventCurrencyCode":"","_EventCurrencyPosition":"","_EventDateTimeSeparator":"","_EventTimeRangeSeparator":"","_EventOrganizerID":[],"_EventVenueID":[],"_OrganizerEmail":"","_OrganizerPhone":"","_OrganizerWebsite":"","_VenueAddress":"","_VenueCity":"","_VenueCountry":"","_VenueProvince":"","_VenueState":"","_VenueZip":"","_VenuePhone":"","_VenueURL":"","_VenueStateProvince":"","_VenueLat":"","_VenueLng":"","_VenueShowMap":false,"_VenueShowMapLink":false,"footnotes":""},"class_list":["post-12","page","type-page","status-publish","has-post-thumbnail","hentry"],"yoast_head":"<!-- This site is optimized with the Yoast SEO plugin v27.5 - https:\/\/yoast.com\/product\/yoast-seo-wordpress\/ -->\n<title>Bienvenue chez Acromod\u00e8les 44 - Acromod\u00e8les44<\/title>\n<meta name=\"description\" content=\"Club de mod\u00e9lisme en Loire Atlantique acromodeles44\" \/>\n<meta name=\"robots\" content=\"index, follow, max-snippet:-1, max-image-preview:large, max-video-preview:-1\" \/>\n<link rel=\"canonical\" href=\"https:\/\/new.acromodeles44.fr\/\" \/>\n<meta property=\"og:locale\" content=\"fr_FR\" \/>\n<meta property=\"og:type\" content=\"article\" \/>\n<meta property=\"og:title\" content=\"Bienvenue chez Acromod\u00e8les 44 - Acromod\u00e8les44\" \/>\n<meta property=\"og:description\" content=\"Club de mod\u00e9lisme en Loire Atlantique acromodeles44\" \/>\n<meta property=\"og:url\" content=\"https:\/\/new.acromodeles44.fr\/\" \/>\n<meta property=\"og:site_name\" content=\"Acromod\u00e8les44\" \/>\n<meta property=\"article:modified_time\" content=\"2026-04-15T18:13:25+00:00\" \/>\n<meta property=\"og:image\" content=\"https:\/\/new.acromodeles44.fr\/wp-content\/uploads\/2024\/11\/Club-AM44.jpg\" \/>\n\t<meta property=\"og:image:width\" content=\"1600\" \/>\n\t<meta property=\"og:image:height\" content=\"900\" \/>\n\t<meta property=\"og:image:type\" content=\"image\/jpeg\" \/>\n<meta name=\"twitter:card\" content=\"summary_large_image\" \/>\n<meta name=\"twitter:label1\" content=\"Dur\u00e9e de lecture estim\u00e9e\" \/>\n\t<meta name=\"twitter:data1\" content=\"2 minutes\" \/>\n<script type=\"application\/ld+json\" class=\"yoast-schema-graph\">{\"@context\":\"https:\\\/\\\/schema.org\",\"@graph\":[{\"@type\":\"WebPage\",\"@id\":\"https:\\\/\\\/new.acromodeles44.fr\\\/\",\"url\":\"https:\\\/\\\/new.acromodeles44.fr\\\/\",\"name\":\"Bienvenue chez Acromod\u00e8les 44 - Acromod\u00e8les44\",\"isPartOf\":{\"@id\":\"https:\\\/\\\/new.acromodeles44.fr\\\/#website\"},\"primaryImageOfPage\":{\"@id\":\"https:\\\/\\\/new.acromodeles44.fr\\\/#primaryimage\"},\"image\":{\"@id\":\"https:\\\/\\\/new.acromodeles44.fr\\\/#primaryimage\"},\"thumbnailUrl\":\"https:\\\/\\\/new.acromodeles44.fr\\\/wp-content\\\/uploads\\\/2024\\\/11\\\/Club-AM44.jpg\",\"datePublished\":\"2024-11-21T20:24:19+00:00\",\"dateModified\":\"2026-04-15T18:13:25+00:00\",\"description\":\"Club de mod\u00e9lisme en Loire Atlantique acromodeles44\",\"breadcrumb\":{\"@id\":\"https:\\\/\\\/new.acromodeles44.fr\\\/#breadcrumb\"},\"inLanguage\":\"fr-FR\",\"potentialAction\":[{\"@type\":\"ReadAction\",\"target\":[\"https:\\\/\\\/new.acromodeles44.fr\\\/\"]}]},{\"@type\":\"ImageObject\",\"inLanguage\":\"fr-FR\",\"@id\":\"https:\\\/\\\/new.acromodeles44.fr\\\/#primaryimage\",\"url\":\"https:\\\/\\\/new.acromodeles44.fr\\\/wp-content\\\/uploads\\\/2024\\\/11\\\/Club-AM44.jpg\",\"contentUrl\":\"https:\\\/\\\/new.acromodeles44.fr\\\/wp-content\\\/uploads\\\/2024\\\/11\\\/Club-AM44.jpg\",\"width\":1600,\"height\":900},{\"@type\":\"BreadcrumbList\",\"@id\":\"https:\\\/\\\/new.acromodeles44.fr\\\/#breadcrumb\",\"itemListElement\":[{\"@type\":\"ListItem\",\"position\":1,\"name\":\"Accueil\",\"item\":\"https:\\\/\\\/new.acromodeles44.fr\\\/\"},{\"@type\":\"ListItem\",\"position\":2,\"name\":\"Bienvenue chez Acromod\u00e8les 44\"}]},{\"@type\":\"WebSite\",\"@id\":\"https:\\\/\\\/new.acromodeles44.fr\\\/#website\",\"url\":\"https:\\\/\\\/new.acromodeles44.fr\\\/\",\"name\":\"Acromod\u00e8les44\",\"description\":\"Club de mod\u00e9lisme en Loire Atlantique\",\"publisher\":{\"@id\":\"https:\\\/\\\/new.acromodeles44.fr\\\/#organization\"},\"potentialAction\":[{\"@type\":\"SearchAction\",\"target\":{\"@type\":\"EntryPoint\",\"urlTemplate\":\"https:\\\/\\\/new.acromodeles44.fr\\\/?s={search_term_string}\"},\"query-input\":{\"@type\":\"PropertyValueSpecification\",\"valueRequired\":true,\"valueName\":\"search_term_string\"}}],\"inLanguage\":\"fr-FR\"},{\"@type\":\"Organization\",\"@id\":\"https:\\\/\\\/new.acromodeles44.fr\\\/#organization\",\"name\":\"Acromod\u00e8les44\",\"url\":\"https:\\\/\\\/new.acromodeles44.fr\\\/\",\"logo\":{\"@type\":\"ImageObject\",\"inLanguage\":\"fr-FR\",\"@id\":\"https:\\\/\\\/new.acromodeles44.fr\\\/#\\\/schema\\\/logo\\\/image\\\/\",\"url\":\"https:\\\/\\\/new.acromodeles44.fr\\\/wp-content\\\/uploads\\\/2024\\\/11\\\/logo-AM44.png\",\"contentUrl\":\"https:\\\/\\\/new.acromodeles44.fr\\\/wp-content\\\/uploads\\\/2024\\\/11\\\/logo-AM44.png\",\"width\":500,\"height\":407,\"caption\":\"Acromod\u00e8les44\"},\"image\":{\"@id\":\"https:\\\/\\\/new.acromodeles44.fr\\\/#\\\/schema\\\/logo\\\/image\\\/\"}}]}<\/script>\n<!-- \/ Yoast SEO plugin. -->","yoast_head_json":{"title":"Bienvenue chez Acromod\u00e8les 44 - Acromod\u00e8les44","description":"Club de mod\u00e9lisme en Loire Atlantique acromodeles44","robots":{"index":"index","follow":"follow","max-snippet":"max-snippet:-1","max-image-preview":"max-image-preview:large","max-video-preview":"max-video-preview:-1"},"canonical":"https:\/\/new.acromodeles44.fr\/","og_locale":"fr_FR","og_type":"article","og_title":"Bienvenue chez Acromod\u00e8les 44 - Acromod\u00e8les44","og_description":"Club de mod\u00e9lisme en Loire Atlantique acromodeles44","og_url":"https:\/\/new.acromodeles44.fr\/","og_site_name":"Acromod\u00e8les44","article_modified_time":"2026-04-15T18:13:25+00:00","og_image":[{"width":1600,"height":900,"url":"https:\/\/new.acromodeles44.fr\/wp-content\/uploads\/2024\/11\/Club-AM44.jpg","type":"image\/jpeg"}],"twitter_card":"summary_large_image","twitter_misc":{"Dur\u00e9e de lecture estim\u00e9e":"2 minutes"},"schema":{"@context":"https:\/\/schema.org","@graph":[{"@type":"WebPage","@id":"https:\/\/new.acromodeles44.fr\/","url":"https:\/\/new.acromodeles44.fr\/","name":"Bienvenue chez Acromod\u00e8les 44 - Acromod\u00e8les44","isPartOf":{"@id":"https:\/\/new.acromodeles44.fr\/#website"},"primaryImageOfPage":{"@id":"https:\/\/new.acromodeles44.fr\/#primaryimage"},"image":{"@id":"https:\/\/new.acromodeles44.fr\/#primaryimage"},"thumbnailUrl":"https:\/\/new.acromodeles44.fr\/wp-content\/uploads\/2024\/11\/Club-AM44.jpg","datePublished":"2024-11-21T20:24:19+00:00","dateModified":"2026-04-15T18:13:25+00:00","description":"Club de mod\u00e9lisme en Loire Atlantique acromodeles44","breadcrumb":{"@id":"https:\/\/new.acromodeles44.fr\/#breadcrumb"},"inLanguage":"fr-FR","potentialAction":[{"@type":"ReadAction","target":["https:\/\/new.acromodeles44.fr\/"]}]},{"@type":"ImageObject","inLanguage":"fr-FR","@id":"https:\/\/new.acromodeles44.fr\/#primaryimage","url":"https:\/\/new.acromodeles44.fr\/wp-content\/uploads\/2024\/11\/Club-AM44.jpg","contentUrl":"https:\/\/new.acromodeles44.fr\/wp-content\/uploads\/2024\/11\/Club-AM44.jpg","width":1600,"height":900},{"@type":"BreadcrumbList","@id":"https:\/\/new.acromodeles44.fr\/#breadcrumb","itemListElement":[{"@type":"ListItem","position":1,"name":"Accueil","item":"https:\/\/new.acromodeles44.fr\/"},{"@type":"ListItem","position":2,"name":"Bienvenue chez Acromod\u00e8les 44"}]},{"@type":"WebSite","@id":"https:\/\/new.acromodeles44.fr\/#website","url":"https:\/\/new.acromodeles44.fr\/","name":"Acromod\u00e8les44","description":"Club de mod\u00e9lisme en Loire Atlantique","publisher":{"@id":"https:\/\/new.acromodeles44.fr\/#organization"},"potentialAction":[{"@type":"SearchAction","target":{"@type":"EntryPoint","urlTemplate":"https:\/\/new.acromodeles44.fr\/?s={search_term_string}"},"query-input":{"@type":"PropertyValueSpecification","valueRequired":true,"valueName":"search_term_string"}}],"inLanguage":"fr-FR"},{"@type":"Organization","@id":"https:\/\/new.acromodeles44.fr\/#organization","name":"Acromod\u00e8les44","url":"https:\/\/new.acromodeles44.fr\/","logo":{"@type":"ImageObject","inLanguage":"fr-FR","@id":"https:\/\/new.acromodeles44.fr\/#\/schema\/logo\/image\/","url":"https:\/\/new.acromodeles44.fr\/wp-content\/uploads\/2024\/11\/logo-AM44.png","contentUrl":"https:\/\/new.acromodeles44.fr\/wp-content\/uploads\/2024\/11\/logo-AM44.png","width":500,"height":407,"caption":"Acromod\u00e8les44"},"image":{"@id":"https:\/\/new.acromodeles44.fr\/#\/schema\/logo\/image\/"}}]}},"_links":{"self":[{"href":"https:\/\/new.acromodeles44.fr\/index.php\/wp-json\/wp\/v2\/pages\/12","targetHints":{"allow":["GET"]}}],"collection":[{"href":"https:\/\/new.acromodeles44.fr\/index.php\/wp-json\/wp\/v2\/pages"}],"about":[{"href":"https:\/\/new.acromodeles44.fr\/index.php\/wp-json\/wp\/v2\/types\/page"}],"author":[{"embeddable":true,"href":"https:\/\/new.acromodeles44.fr\/index.php\/wp-json\/wp\/v2\/users\/1"}],"replies":[{"embeddable":true,"href":"https:\/\/new.acromodeles44.fr\/index.php\/wp-json\/wp\/v2\/comments?post=12"}],"version-history":[{"count":24,"href":"https:\/\/new.acromodeles44.fr\/index.php\/wp-json\/wp\/v2\/pages\/12\/revisions"}],"predecessor-version":[{"id":454,"href":"https:\/\/new.acromodeles44.fr\/index.php\/wp-json\/wp\/v2\/pages\/12\/revisions\/454"}],"wp:featuredmedia":[{"embeddable":true,"href":"https:\/\/new.acromodeles44.fr\/index.php\/wp-json\/wp\/v2\/media\/28"}],"wp:attachment":[{"href":"https:\/\/new.acromodeles44.fr\/index.php\/wp-json\/wp\/v2\/media?parent=12"}],"curies":[{"name":"wp","href":"https:\/\/api.w.org\/{rel}","templated":true}]}}