{"id":260,"date":"2026-03-27T18:37:12","date_gmt":"2026-03-27T17:37:12","guid":{"rendered":"https:\/\/new.acromodeles44.fr\/?page_id=260"},"modified":"2026-04-04T16:28:04","modified_gmt":"2026-04-04T14:28:04","slug":"formulaire-brevet-a-qpd-d","status":"publish","type":"page","link":"https:\/\/new.acromodeles44.fr\/index.php\/formulaire-brevet-a-qpd-d\/","title":{"rendered":"Inscription \u2013 Brevet A et QPDD"},"content":{"rendered":"\n<div class=\"wpcf7 no-js\" id=\"wpcf7-f412-o1\" lang=\"fr-FR\" dir=\"ltr\" data-wpcf7-id=\"412\">\n<div class=\"screen-reader-response\"><p role=\"status\" aria-live=\"polite\" aria-atomic=\"true\"><\/p> <ul><\/ul><\/div>\n<form action=\"\/index.php\/wp-json\/wp\/v2\/pages\/260#wpcf7-f412-o1\" method=\"post\" class=\"wpcf7-form init wpcf7-acceptance-as-validation\" aria-label=\"Formulaire de contact\" enctype=\"multipart\/form-data\" novalidate=\"novalidate\" data-status=\"init\">\n<fieldset class=\"hidden-fields-container\"><input type=\"hidden\" name=\"_wpcf7\" value=\"412\" \/><input type=\"hidden\" name=\"_wpcf7_version\" value=\"6.1.5\" \/><input type=\"hidden\" name=\"_wpcf7_locale\" value=\"fr_FR\" \/><input type=\"hidden\" name=\"_wpcf7_unit_tag\" value=\"wpcf7-f412-o1\" \/><input type=\"hidden\" name=\"_wpcf7_container_post\" value=\"0\" \/><input type=\"hidden\" name=\"_wpcf7_posted_data_hash\" value=\"\" \/>\n<\/fieldset>\n<div class=\"am44-form am44-form--brevet\">\n\t<p class=\"am44-form-intro\"><strong>Inscription Brevet A \/ QPD D<\/strong><br \/>\nMerci de completer ce formulaire pour la session d'inscription au Brevet A et \/ ou au QPD D.\n\t<\/p>\n\t<div class=\"am44-form-grid\">\n\t\t<p><label>Nom* <span class=\"wpcf7-form-control-wrap\" data-name=\"nom\"><input size=\"40\" maxlength=\"400\" class=\"wpcf7-form-control wpcf7-text wpcf7-validates-as-required\" autocomplete=\"family-name\" aria-required=\"true\" aria-invalid=\"false\" value=\"\" type=\"text\" name=\"nom\" \/><\/span><\/label>\n\t\t<\/p>\n\t\t<p><label>Prenom* <span class=\"wpcf7-form-control-wrap\" data-name=\"prenom\"><input size=\"40\" maxlength=\"400\" class=\"wpcf7-form-control wpcf7-text wpcf7-validates-as-required\" autocomplete=\"given-name\" aria-required=\"true\" aria-invalid=\"false\" value=\"\" type=\"text\" name=\"prenom\" \/><\/span><\/label>\n\t\t<\/p>\n\t\t<p><label>Email* <span class=\"wpcf7-form-control-wrap\" data-name=\"email\"><input size=\"40\" maxlength=\"400\" class=\"wpcf7-form-control wpcf7-email wpcf7-validates-as-required wpcf7-text wpcf7-validates-as-email\" autocomplete=\"email\" aria-required=\"true\" aria-invalid=\"false\" value=\"\" type=\"email\" name=\"email\" \/><\/span><\/label>\n\t\t<\/p>\n\t\t<p><label>Telephone* <span class=\"wpcf7-form-control-wrap\" data-name=\"telephone\"><input size=\"40\" maxlength=\"400\" class=\"wpcf7-form-control wpcf7-tel wpcf7-validates-as-required wpcf7-text wpcf7-validates-as-tel\" autocomplete=\"tel\" aria-required=\"true\" aria-invalid=\"false\" value=\"\" type=\"tel\" name=\"telephone\" \/><\/span><\/label>\n\t\t<\/p>\n\t<\/div>\n\t<div class=\"am44-form-grid\">\n\t\t<p><label>Numero de licence FFAM \/ DGAC* <span class=\"wpcf7-form-control-wrap\" data-name=\"licence\"><input size=\"40\" maxlength=\"400\" class=\"wpcf7-form-control wpcf7-text wpcf7-validates-as-required\" aria-required=\"true\" aria-invalid=\"false\" value=\"\" type=\"text\" name=\"licence\" \/><\/span><\/label>\n\t\t<\/p>\n\t\t<p><label>Date de validite de la licence* <span class=\"wpcf7-form-control-wrap\" data-name=\"date-validite\"><input size=\"40\" maxlength=\"400\" class=\"wpcf7-form-control wpcf7-text wpcf7-validates-as-required\" aria-required=\"true\" aria-invalid=\"false\" placeholder=\"JJ\/MM\/AAAA\" value=\"\" type=\"text\" name=\"date-validite\" \/><\/span><\/label>\n\t\t<\/p>\n\t<\/div>\n\t<div>\n\t\t<p>Je souhaite m'inscrire pour :\n\t\t<\/p>\n\t\t<p><span class=\"wpcf7-form-control-wrap\" data-name=\"session-brevet\"><span class=\"wpcf7-form-control wpcf7-checkbox wpcf7-validates-as-required\"><span class=\"wpcf7-list-item first\"><label><input type=\"checkbox\" name=\"session-brevet[]\" value=\"Passage du Brevet A\" \/><span class=\"wpcf7-list-item-label\">Passage du Brevet A<\/span><\/label><\/span><span class=\"wpcf7-list-item last\"><label><input type=\"checkbox\" name=\"session-brevet[]\" value=\"Passage QPD D\" \/><span class=\"wpcf7-list-item-label\">Passage QPD D<\/span><\/label><\/span><\/span><\/span>\n\t\t<\/p>\n\t<\/div>\n\t<div class=\"am44-form-grid\">\n\t\t<p><label>Licence FFAM* <span class=\"wpcf7-form-control-wrap\" data-name=\"licence-ffam\"><input size=\"40\" class=\"wpcf7-form-control wpcf7-file wpcf7-validates-as-required\" accept=\".pdf,.jpg,.jpeg,.png\" aria-required=\"true\" aria-invalid=\"false\" type=\"file\" name=\"licence-ffam\" \/><\/span><\/label>\n\t\t<\/p>\n\t\t<p><label>Attestation de formation telepilote* <span class=\"wpcf7-form-control-wrap\" data-name=\"formation-telepilote\"><input size=\"40\" class=\"wpcf7-form-control wpcf7-file wpcf7-validates-as-required\" accept=\".pdf,.jpg,.jpeg,.png\" aria-required=\"true\" aria-invalid=\"false\" type=\"file\" name=\"formation-telepilote\" \/><\/span><\/label>\n\t\t<\/p>\n\t<\/div>\n\t<p><label>Releve de situation d'exploitant UAS* <span class=\"wpcf7-form-control-wrap\" data-name=\"exploitant-uas\"><input size=\"40\" class=\"wpcf7-form-control wpcf7-file wpcf7-validates-as-required\" accept=\".pdf,.jpg,.jpeg,.png\" aria-required=\"true\" aria-invalid=\"false\" type=\"file\" name=\"exploitant-uas\" \/><\/span><\/label>\n\t<\/p>\n\t<div class=\"am44-form-grid\">\n\t\t<div>\n\t\t\t<p>Repas du midi (20\u20ac)\n\t\t\t<\/p>\n\t\t\t<p><span class=\"wpcf7-form-control-wrap\" data-name=\"repas\"><span class=\"wpcf7-form-control wpcf7-radio\"><span class=\"wpcf7-list-item first\"><label><input type=\"radio\" name=\"repas\" value=\"Oui\" checked=\"checked\" \/><span class=\"wpcf7-list-item-label\">Oui<\/span><\/label><\/span><span class=\"wpcf7-list-item last\"><label><input type=\"radio\" name=\"repas\" value=\"Non\" \/><span class=\"wpcf7-list-item-label\">Non<\/span><\/label><\/span><\/span><\/span>\n\t\t\t<\/p>\n\t\t<\/div>\n\t\t<p><label>Besoins specifiques <span class=\"wpcf7-form-control-wrap\" data-name=\"besoins-specifiques\"><textarea cols=\"5\" rows=\"6\" maxlength=\"2000\" class=\"wpcf7-form-control wpcf7-textarea\" aria-invalid=\"false\" name=\"besoins-specifiques\"><\/textarea><\/span><\/label>\n\t\t<\/p>\n\t\t<p class=\"am44-form-note\">Pour participer, vous devez accepter les <a href=\"https:\/\/new.acromodeles44.fr\/wp-content\/uploads\/2026\/03\/Notice_Aeronef_Sans_Equipage_a_Bord.pdf\" target=\"_blank\" rel=\"noopener\">regles de securite<\/a>.\n\t\t<\/p>\n\t\t<p><span class=\"wpcf7-form-control-wrap\" data-name=\"acceptation-regles\"><span class=\"wpcf7-form-control wpcf7-acceptance\"><span class=\"wpcf7-list-item\"><label><input type=\"checkbox\" name=\"acceptation-regles\" value=\"1\" aria-invalid=\"false\" \/><span class=\"wpcf7-list-item-label\">J'accepte les regles de securite<\/span><\/label><\/span><\/span><\/span>\n\t\t<\/p>\n\t\t<p><label>Autorisation de diffusion de photos \/ videos <span class=\"wpcf7-form-control-wrap\" data-name=\"diffusion-photos\"><select class=\"wpcf7-form-control wpcf7-select\" aria-invalid=\"false\" name=\"diffusion-photos\"><option value=\"Oui\" selected=\"selected\">Oui<\/option><option value=\"Non\">Non<\/option><\/select><\/span><\/label>\n\t\t<\/p>\n\t\t<p class=\"am44-form-note\">Les informations recueillies sur ce formulaire sont trait\u00e9es par Acromodeles44 pour g\u00e9rer votre inscription \u00e0 la session Brevet A \/ QPD D. Les champs obligatoires sont n\u00e9cessaires au traitement de votre demande. Vous pouvez exercer vos droits en \u00e9crivant \u00e0 <a href=\"mailto:bureau@acromodeles44.fr\">bureau@acromodeles44.fr<\/a>. En savoir plus : <a href=\"https:\/\/new.acromodeles44.fr\/index.php\/politique-de-confidentialite\/\">politique de confidentialit\u00e9<\/a>. En cas de difficult\u00e9, vous pouvez saisir la <a href=\"https:\/\/www.cnil.fr\/\">CNIL<\/a>.\n\t\t<\/p>\n\t\t<p><div class=\"cf7-cf-turnstile\" style=\"margin-top: 0px; margin-bottom: -15px;\"> <div id=\"cf-turnstile-cf7-3695093409\" class=\"cf-turnstile\" data-sitekey=\"0x4AAAAAACs0Ckk94_OX6mNL\" data-theme=\"light\" data-language=\"auto\" data-size=\"normal\" data-retry=\"auto\" data-retry-interval=\"1000\" data-refresh-expired=\"auto\" data-refresh-timeout=\"auto\" data-action=\"contact-form-7\" data-callback=\"turnstileCF7Callback\" data-appearance=\"always\"><\/div> <script>document.addEventListener(\"DOMContentLoaded\", function() { setTimeout(function(){ var e=document.getElementById(\"cf-turnstile-cf7-3695093409\"); if(e&&!e.innerHTML.trim()){turnstile.render(e, {sitekey:\"0x4AAAAAACs0Ckk94_OX6mNL\"});} }, 200); });<\/script> <br class=\"cf-turnstile-br cf-turnstile-br-cf7-3695093409\"> <style>#cf-turnstile-cf7-3695093409 { margin-left: -15px; }<\/style> <script>document.addEventListener(\"DOMContentLoaded\",function(){document.querySelectorAll('.wpcf7-form').forEach(function(e){e.addEventListener('submit',function(){if(document.getElementById('cf-turnstile-cf7-3695093409')){setTimeout(function(){turnstile.reset('#cf-turnstile-cf7-3695093409');},1000)}})})});<\/script> <\/div><br\/><input class=\"wpcf7-form-control wpcf7-submit has-spinner\" type=\"submit\" value=\"Valider l&#039;inscription\" \/>\n\t\t<\/p>\n\t<\/div>\n<\/div><p style=\"display: none !important;\" class=\"akismet-fields-container\" data-prefix=\"_wpcf7_ak_\"><label>&#916;<textarea name=\"_wpcf7_ak_hp_textarea\" cols=\"45\" rows=\"8\" maxlength=\"100\"><\/textarea><\/label><input type=\"hidden\" id=\"ak_js_1\" name=\"_wpcf7_ak_js\" value=\"195\"\/><script>document.getElementById( \"ak_js_1\" ).setAttribute( \"value\", ( new Date() ).getTime() );<\/script><\/p><div class=\"wpcf7-response-output\" aria-hidden=\"true\"><\/div>\n<\/form>\n<\/div>\n\n\n\n\n<p><strong>Conseil :<\/strong> Pr\u00e9parez vos documents \u00e0 l&rsquo;avance en PDF, JPG ou PNG, avec une taille raisonnable pour faciliter l&rsquo;envoi.<\/p>\n\n\n\n<div class=\"wp-block-buttons is-layout-flex wp-container-core-buttons-is-layout-6b4e3324 wp-block-buttons-is-layout-flex\">\n<div class=\"wp-block-button is-style-outline is-style-outline--1\"><a class=\"wp-block-button__link wp-element-button\" href=\"https:\/\/new.acromodeles44.fr\/\">Retour \u00e0 l\u2019accueil<\/a><\/div>\n<\/div>\n","protected":false},"excerpt":{"rendered":"<p>Conseil : Pr\u00e9parez vos documents \u00e0 l&rsquo;avance en PDF, JPG ou PNG, avec une taille raisonnable pour faciliter l&rsquo;envoi.<\/p>\n","protected":false},"author":1,"featured_media":0,"parent":0,"menu_order":0,"comment_status":"closed","ping_status":"closed","template":"","meta":{"_bbp_topic_count":0,"_bbp_reply_count":0,"_bbp_total_topic_count":0,"_bbp_total_reply_count":0,"_bbp_voice_count":0,"_bbp_anonymous_reply_count":0,"_bbp_topic_count_hidden":0,"_bbp_reply_count_hidden":0,"_bbp_forum_subforum_count":0,"_EventAllDay":false,"_EventTimezone":"","_EventStartDate":"","_EventEndDate":"","_EventStartDateUTC":"","_EventEndDateUTC":"","_EventShowMap":false,"_EventShowMapLink":false,"_EventURL":"","_EventCost":"","_EventCostDescription":"","_EventCurrencySymbol":"","_EventCurrencyCode":"","_EventCurrencyPosition":"","_EventDateTimeSeparator":"","_EventTimeRangeSeparator":"","_EventOrganizerID":[],"_EventVenueID":[],"_OrganizerEmail":"","_OrganizerPhone":"","_OrganizerWebsite":"","_VenueAddress":"","_VenueCity":"","_VenueCountry":"","_VenueProvince":"","_VenueState":"","_VenueZip":"","_VenuePhone":"","_VenueURL":"","_VenueStateProvince":"","_VenueLat":"","_VenueLng":"","_VenueShowMap":false,"_VenueShowMapLink":false,"footnotes":""},"class_list":["post-260","page","type-page","status-publish","hentry"],"yoast_head":"<!-- This site is optimized with the Yoast SEO plugin v27.3 - https:\/\/yoast.com\/product\/yoast-seo-wordpress\/ -->\n<title>Inscription \u2013 Brevet A et QPDD - Acromod\u00e8les44<\/title>\n<meta name=\"robots\" content=\"index, follow, max-snippet:-1, max-image-preview:large, max-video-preview:-1\" \/>\n<link rel=\"canonical\" href=\"https:\/\/new.acromodeles44.fr\/index.php\/formulaire-brevet-a-qpd-d\/\" \/>\n<meta property=\"og:locale\" content=\"fr_FR\" \/>\n<meta property=\"og:type\" content=\"article\" \/>\n<meta property=\"og:title\" content=\"Inscription \u2013 Brevet A et QPDD - Acromod\u00e8les44\" \/>\n<meta property=\"og:description\" content=\"Conseil : Pr\u00e9parez vos documents \u00e0 l&rsquo;avance en PDF, JPG ou PNG, avec une taille raisonnable pour faciliter l&rsquo;envoi.\" \/>\n<meta property=\"og:url\" content=\"https:\/\/new.acromodeles44.fr\/index.php\/formulaire-brevet-a-qpd-d\/\" \/>\n<meta property=\"og:site_name\" content=\"Acromod\u00e8les44\" \/>\n<meta property=\"article:modified_time\" content=\"2026-04-04T14:28:04+00:00\" \/>\n<meta name=\"twitter:card\" content=\"summary_large_image\" \/>\n<meta name=\"twitter:label1\" content=\"Dur\u00e9e de lecture estim\u00e9e\" \/>\n\t<meta name=\"twitter:data1\" content=\"1 minute\" \/>\n<script type=\"application\/ld+json\" class=\"yoast-schema-graph\">{\"@context\":\"https:\\\/\\\/schema.org\",\"@graph\":[{\"@type\":\"WebPage\",\"@id\":\"https:\\\/\\\/new.acromodeles44.fr\\\/index.php\\\/formulaire-brevet-a-qpd-d\\\/\",\"url\":\"https:\\\/\\\/new.acromodeles44.fr\\\/index.php\\\/formulaire-brevet-a-qpd-d\\\/\",\"name\":\"Inscription \u2013 Brevet A et QPDD - Acromod\u00e8les44\",\"isPartOf\":{\"@id\":\"https:\\\/\\\/new.acromodeles44.fr\\\/#website\"},\"datePublished\":\"2026-03-27T17:37:12+00:00\",\"dateModified\":\"2026-04-04T14:28:04+00:00\",\"breadcrumb\":{\"@id\":\"https:\\\/\\\/new.acromodeles44.fr\\\/index.php\\\/formulaire-brevet-a-qpd-d\\\/#breadcrumb\"},\"inLanguage\":\"fr-FR\",\"potentialAction\":[{\"@type\":\"ReadAction\",\"target\":[\"https:\\\/\\\/new.acromodeles44.fr\\\/index.php\\\/formulaire-brevet-a-qpd-d\\\/\"]}]},{\"@type\":\"BreadcrumbList\",\"@id\":\"https:\\\/\\\/new.acromodeles44.fr\\\/index.php\\\/formulaire-brevet-a-qpd-d\\\/#breadcrumb\",\"itemListElement\":[{\"@type\":\"ListItem\",\"position\":1,\"name\":\"Accueil\",\"item\":\"https:\\\/\\\/new.acromodeles44.fr\\\/\"},{\"@type\":\"ListItem\",\"position\":2,\"name\":\"Inscription \u2013 Brevet A et QPDD\"}]},{\"@type\":\"WebSite\",\"@id\":\"https:\\\/\\\/new.acromodeles44.fr\\\/#website\",\"url\":\"https:\\\/\\\/new.acromodeles44.fr\\\/\",\"name\":\"Acromod\u00e8les44\",\"description\":\"Club de mod\u00e9lisme en Loire Atlantique\",\"publisher\":{\"@id\":\"https:\\\/\\\/new.acromodeles44.fr\\\/#organization\"},\"potentialAction\":[{\"@type\":\"SearchAction\",\"target\":{\"@type\":\"EntryPoint\",\"urlTemplate\":\"https:\\\/\\\/new.acromodeles44.fr\\\/?s={search_term_string}\"},\"query-input\":{\"@type\":\"PropertyValueSpecification\",\"valueRequired\":true,\"valueName\":\"search_term_string\"}}],\"inLanguage\":\"fr-FR\"},{\"@type\":\"Organization\",\"@id\":\"https:\\\/\\\/new.acromodeles44.fr\\\/#organization\",\"name\":\"Acromod\u00e8les44\",\"url\":\"https:\\\/\\\/new.acromodeles44.fr\\\/\",\"logo\":{\"@type\":\"ImageObject\",\"inLanguage\":\"fr-FR\",\"@id\":\"https:\\\/\\\/new.acromodeles44.fr\\\/#\\\/schema\\\/logo\\\/image\\\/\",\"url\":\"https:\\\/\\\/new.acromodeles44.fr\\\/wp-content\\\/uploads\\\/2024\\\/11\\\/logo-AM44.png\",\"contentUrl\":\"https:\\\/\\\/new.acromodeles44.fr\\\/wp-content\\\/uploads\\\/2024\\\/11\\\/logo-AM44.png\",\"width\":500,\"height\":407,\"caption\":\"Acromod\u00e8les44\"},\"image\":{\"@id\":\"https:\\\/\\\/new.acromodeles44.fr\\\/#\\\/schema\\\/logo\\\/image\\\/\"}}]}<\/script>\n<!-- \/ Yoast SEO plugin. -->","yoast_head_json":{"title":"Inscription \u2013 Brevet A et QPDD - Acromod\u00e8les44","robots":{"index":"index","follow":"follow","max-snippet":"max-snippet:-1","max-image-preview":"max-image-preview:large","max-video-preview":"max-video-preview:-1"},"canonical":"https:\/\/new.acromodeles44.fr\/index.php\/formulaire-brevet-a-qpd-d\/","og_locale":"fr_FR","og_type":"article","og_title":"Inscription \u2013 Brevet A et QPDD - Acromod\u00e8les44","og_description":"Conseil : Pr\u00e9parez vos documents \u00e0 l&rsquo;avance en PDF, JPG ou PNG, avec une taille raisonnable pour faciliter l&rsquo;envoi.","og_url":"https:\/\/new.acromodeles44.fr\/index.php\/formulaire-brevet-a-qpd-d\/","og_site_name":"Acromod\u00e8les44","article_modified_time":"2026-04-04T14:28:04+00:00","twitter_card":"summary_large_image","twitter_misc":{"Dur\u00e9e de lecture estim\u00e9e":"1 minute"},"schema":{"@context":"https:\/\/schema.org","@graph":[{"@type":"WebPage","@id":"https:\/\/new.acromodeles44.fr\/index.php\/formulaire-brevet-a-qpd-d\/","url":"https:\/\/new.acromodeles44.fr\/index.php\/formulaire-brevet-a-qpd-d\/","name":"Inscription \u2013 Brevet A et QPDD - Acromod\u00e8les44","isPartOf":{"@id":"https:\/\/new.acromodeles44.fr\/#website"},"datePublished":"2026-03-27T17:37:12+00:00","dateModified":"2026-04-04T14:28:04+00:00","breadcrumb":{"@id":"https:\/\/new.acromodeles44.fr\/index.php\/formulaire-brevet-a-qpd-d\/#breadcrumb"},"inLanguage":"fr-FR","potentialAction":[{"@type":"ReadAction","target":["https:\/\/new.acromodeles44.fr\/index.php\/formulaire-brevet-a-qpd-d\/"]}]},{"@type":"BreadcrumbList","@id":"https:\/\/new.acromodeles44.fr\/index.php\/formulaire-brevet-a-qpd-d\/#breadcrumb","itemListElement":[{"@type":"ListItem","position":1,"name":"Accueil","item":"https:\/\/new.acromodeles44.fr\/"},{"@type":"ListItem","position":2,"name":"Inscription \u2013 Brevet A et QPDD"}]},{"@type":"WebSite","@id":"https:\/\/new.acromodeles44.fr\/#website","url":"https:\/\/new.acromodeles44.fr\/","name":"Acromod\u00e8les44","description":"Club de mod\u00e9lisme en Loire Atlantique","publisher":{"@id":"https:\/\/new.acromodeles44.fr\/#organization"},"potentialAction":[{"@type":"SearchAction","target":{"@type":"EntryPoint","urlTemplate":"https:\/\/new.acromodeles44.fr\/?s={search_term_string}"},"query-input":{"@type":"PropertyValueSpecification","valueRequired":true,"valueName":"search_term_string"}}],"inLanguage":"fr-FR"},{"@type":"Organization","@id":"https:\/\/new.acromodeles44.fr\/#organization","name":"Acromod\u00e8les44","url":"https:\/\/new.acromodeles44.fr\/","logo":{"@type":"ImageObject","inLanguage":"fr-FR","@id":"https:\/\/new.acromodeles44.fr\/#\/schema\/logo\/image\/","url":"https:\/\/new.acromodeles44.fr\/wp-content\/uploads\/2024\/11\/logo-AM44.png","contentUrl":"https:\/\/new.acromodeles44.fr\/wp-content\/uploads\/2024\/11\/logo-AM44.png","width":500,"height":407,"caption":"Acromod\u00e8les44"},"image":{"@id":"https:\/\/new.acromodeles44.fr\/#\/schema\/logo\/image\/"}}]}},"_links":{"self":[{"href":"https:\/\/new.acromodeles44.fr\/index.php\/wp-json\/wp\/v2\/pages\/260","targetHints":{"allow":["GET"]}}],"collection":[{"href":"https:\/\/new.acromodeles44.fr\/index.php\/wp-json\/wp\/v2\/pages"}],"about":[{"href":"https:\/\/new.acromodeles44.fr\/index.php\/wp-json\/wp\/v2\/types\/page"}],"author":[{"embeddable":true,"href":"https:\/\/new.acromodeles44.fr\/index.php\/wp-json\/wp\/v2\/users\/1"}],"replies":[{"embeddable":true,"href":"https:\/\/new.acromodeles44.fr\/index.php\/wp-json\/wp\/v2\/comments?post=260"}],"version-history":[{"count":8,"href":"https:\/\/new.acromodeles44.fr\/index.php\/wp-json\/wp\/v2\/pages\/260\/revisions"}],"predecessor-version":[{"id":478,"href":"https:\/\/new.acromodeles44.fr\/index.php\/wp-json\/wp\/v2\/pages\/260\/revisions\/478"}],"wp:attachment":[{"href":"https:\/\/new.acromodeles44.fr\/index.php\/wp-json\/wp\/v2\/media?parent=260"}],"curies":[{"name":"wp","href":"https:\/\/api.w.org\/{rel}","templated":true}]}}