{"id":571,"date":"2026-04-06T19:19:16","date_gmt":"2026-04-06T17:19:16","guid":{"rendered":"https:\/\/new.acromodeles44.fr\/?page_id=571"},"modified":"2026-04-07T15:04:56","modified_gmt":"2026-04-07T13:04:56","slug":"connexion-au-forum","status":"publish","type":"page","link":"https:\/\/new.acromodeles44.fr\/index.php\/connexion-au-forum\/","title":{"rendered":"Connexion au forum"},"content":{"rendered":"<div class=\"am44-forum-auth-hero\">\n  <h2>Connexion au forum<\/h2>\n  <p>Bienvenue sur l\u2019espace d\u2019\u00e9change d\u2019Acromod\u00e8les44.<\/p>\n  <p>Connectez-vous pour participer aux discussions, r\u00e9pondre aux sujets et retrouver les \u00e9changes du club autour de l\u2019a\u00e9romod\u00e9lisme.<\/p>\n<\/div>\n\n\n\n<form method=\"post\" action=\"https:\/\/new.acromodeles44.fr\/wp-login.php\" class=\"bbp-login-form\">\n\t<fieldset class=\"bbp-form\">\n\t\t<legend>Connexion<\/legend>\n\n\t\t<div class=\"bbp-username\">\n\t\t\t<label for=\"user_login\">Identifiant: <\/label>\n\t\t\t<input type=\"text\" name=\"log\" value=\"\" size=\"20\" maxlength=\"100\" id=\"user_login\" autocomplete=\"off\" \/>\n\t\t<\/div>\n\n\t\t<div class=\"bbp-password\">\n\t\t\t<label for=\"user_pass\">Mot de passe: <\/label>\n\t\t\t<input type=\"password\" name=\"pwd\" value=\"\" size=\"20\" id=\"user_pass\" autocomplete=\"off\" \/>\n\t\t<\/div>\n\n\t\t<div class=\"bbp-remember-me\">\n\t\t\t<input type=\"checkbox\" name=\"rememberme\" value=\"forever\"  id=\"rememberme\" \/>\n\t\t\t<label for=\"rememberme\">Rester connect&eacute;<\/label>\n\t\t<\/div>\n\n\t\t\t\t<div id=\"cf-turnstile-3037787150\"\r\n\t\tclass=\"cf-turnstile\" \t\tdata-sitekey=\"0x4AAAAAACs0Ckk94_OX6mNL\"\r\n\t\tdata-theme=\"light\"\r\n\t\tdata-language=\"auto\"\r\n\t\tdata-size=\"normal\"\r\n\t\tdata-retry=\"auto\" data-retry-interval=\"1000\"\r\n\t\tdata-refresh-expired=\"auto\"\r\n\t\tdata-refresh-timeout=\"auto\"\r\n\t\tdata-action=\"wordpress-login\"\r\n\t\tdata-callback=\"turnstileWPCallback\"\r\n\t\t\t\tdata-appearance=\"always\"><\/div>\r\n\t\t\t<script>document.addEventListener(\"DOMContentLoaded\", function() { setTimeout(function(){ var e=document.getElementById(\"cf-turnstile-3037787150\"); if(e&&!e.innerHTML.trim()){turnstile.render(e, {sitekey:\"0x4AAAAAACs0Ckk94_OX6mNL\"});} }, 200); });<\/script>\r\n\t\t\t<br class=\"cf-turnstile-br cf-turnstile-br-3037787150\">\r\n\t\t\t\t<style>#cf-turnstile-3037787150 { margin-left: -15px; }<\/style>\r\n\t\t\n\t\t<div class=\"bbp-submit-wrapper\">\n\n\t\t\t<button type=\"submit\" name=\"user-submit\" id=\"user-submit\" class=\"button submit user-submit\">Connexion<\/button>\n\n\t\t\t\n\t<input type=\"hidden\" name=\"user-cookie\" value=\"1\" \/>\n\n\t<input type=\"hidden\" id=\"bbp_redirect_to\" name=\"redirect_to\" value=\"https:\/\/new.acromodeles44.fr\/index.php\/wp-json\/wp\/v2\/pages\/571\" \/><input type=\"hidden\" id=\"_wpnonce\" name=\"_wpnonce\" value=\"806e1953f1\" \/><input type=\"hidden\" name=\"_wp_http_referer\" value=\"\/index.php\/wp-json\/wp\/v2\/pages\/571\" \/>\n\t\t<\/div>\n\t<\/fieldset>\n<\/form>\n\n\n\n\n<p class=\"am44-forum-help\">\n  <a href=\"https:\/\/new.acromodeles44.fr\/index.php\/mot-de-passe-oublie\/\" class=\"am44-forum-help-link\">Mot de passe oubli\u00e9 ?<\/a>\n<\/p>\n\n\n\n<div class=\"am44-forum-help\" style=\"margin-top:24px;text-align:center;\">\n  <p>Vous pouvez revenir \u00e0 tout moment vers la page principale du forum.<\/p>\n  <div class=\"wp-block-button\" style=\"display:inline-block;margin-top:10px;\">\n    <a class=\"wp-block-button__link wp-element-button\" href=\"https:\/\/new.acromodeles44.fr\/index.php\/forum\/\">Retour au forum<\/a>\n  <\/div>\n<\/div>\n\n","protected":false},"excerpt":{"rendered":"<p>Connexion au forum Bienvenue sur l\u2019espace d\u2019\u00e9change d\u2019Acromod\u00e8les44. Connectez-vous pour participer aux discussions, r\u00e9pondre aux sujets et retrouver les \u00e9changes du club autour de l\u2019a\u00e9romod\u00e9lisme. Mot de passe oubli\u00e9 ? Vous pouvez revenir \u00e0 tout moment vers la page principale &hellip; <a href=\"https:\/\/new.acromodeles44.fr\/index.php\/connexion-au-forum\/\">Lire la suite\u00ad\u00ad<\/a><\/p>\n","protected":false},"author":1,"featured_media":0,"parent":0,"menu_order":0,"comment_status":"closed","ping_status":"closed","template":"","meta":{"_bbp_topic_count":0,"_bbp_reply_count":0,"_bbp_total_topic_count":0,"_bbp_total_reply_count":0,"_bbp_voice_count":0,"_bbp_anonymous_reply_count":0,"_bbp_topic_count_hidden":0,"_bbp_reply_count_hidden":0,"_bbp_forum_subforum_count":0,"_EventAllDay":false,"_EventTimezone":"","_EventStartDate":"","_EventEndDate":"","_EventStartDateUTC":"","_EventEndDateUTC":"","_EventShowMap":false,"_EventShowMapLink":false,"_EventURL":"","_EventCost":"","_EventCostDescription":"","_EventCurrencySymbol":"","_EventCurrencyCode":"","_EventCurrencyPosition":"","_EventDateTimeSeparator":"","_EventTimeRangeSeparator":"","_EventOrganizerID":[],"_EventVenueID":[],"_OrganizerEmail":"","_OrganizerPhone":"","_OrganizerWebsite":"","_VenueAddress":"","_VenueCity":"","_VenueCountry":"","_VenueProvince":"","_VenueState":"","_VenueZip":"","_VenuePhone":"","_VenueURL":"","_VenueStateProvince":"","_VenueLat":"","_VenueLng":"","_VenueShowMap":false,"_VenueShowMapLink":false,"footnotes":""},"class_list":["post-571","page","type-page","status-publish","hentry"],"yoast_head":"<!-- This site is optimized with the Yoast SEO plugin v27.3 - https:\/\/yoast.com\/product\/yoast-seo-wordpress\/ -->\n<title>Connexion au forum - Acromod\u00e8les44<\/title>\n<meta name=\"robots\" content=\"index, follow, max-snippet:-1, max-image-preview:large, max-video-preview:-1\" \/>\n<link rel=\"canonical\" href=\"https:\/\/new.acromodeles44.fr\/index.php\/connexion-au-forum\/\" \/>\n<meta property=\"og:locale\" content=\"fr_FR\" \/>\n<meta property=\"og:type\" content=\"article\" \/>\n<meta property=\"og:title\" content=\"Connexion au forum - Acromod\u00e8les44\" \/>\n<meta property=\"og:description\" content=\"Connexion au forum Bienvenue sur l\u2019espace d\u2019\u00e9change d\u2019Acromod\u00e8les44. Connectez-vous pour participer aux discussions, r\u00e9pondre aux sujets et retrouver les \u00e9changes du club autour de l\u2019a\u00e9romod\u00e9lisme. Mot de passe oubli\u00e9 ? Vous pouvez revenir \u00e0 tout moment vers la page principale &hellip; Lire la suite\u00ad\u00ad\" \/>\n<meta property=\"og:url\" content=\"https:\/\/new.acromodeles44.fr\/index.php\/connexion-au-forum\/\" \/>\n<meta property=\"og:site_name\" content=\"Acromod\u00e8les44\" \/>\n<meta property=\"article:modified_time\" content=\"2026-04-07T13:04:56+00:00\" \/>\n<meta name=\"twitter:card\" content=\"summary_large_image\" \/>\n<meta name=\"twitter:label1\" content=\"Dur\u00e9e de lecture estim\u00e9e\" \/>\n\t<meta name=\"twitter:data1\" content=\"1 minute\" \/>\n<script type=\"application\/ld+json\" class=\"yoast-schema-graph\">{\"@context\":\"https:\\\/\\\/schema.org\",\"@graph\":[{\"@type\":\"WebPage\",\"@id\":\"https:\\\/\\\/new.acromodeles44.fr\\\/index.php\\\/connexion-au-forum\\\/\",\"url\":\"https:\\\/\\\/new.acromodeles44.fr\\\/index.php\\\/connexion-au-forum\\\/\",\"name\":\"Connexion au forum - Acromod\u00e8les44\",\"isPartOf\":{\"@id\":\"https:\\\/\\\/new.acromodeles44.fr\\\/#website\"},\"datePublished\":\"2026-04-06T17:19:16+00:00\",\"dateModified\":\"2026-04-07T13:04:56+00:00\",\"breadcrumb\":{\"@id\":\"https:\\\/\\\/new.acromodeles44.fr\\\/index.php\\\/connexion-au-forum\\\/#breadcrumb\"},\"inLanguage\":\"fr-FR\",\"potentialAction\":[{\"@type\":\"ReadAction\",\"target\":[\"https:\\\/\\\/new.acromodeles44.fr\\\/index.php\\\/connexion-au-forum\\\/\"]}]},{\"@type\":\"BreadcrumbList\",\"@id\":\"https:\\\/\\\/new.acromodeles44.fr\\\/index.php\\\/connexion-au-forum\\\/#breadcrumb\",\"itemListElement\":[{\"@type\":\"ListItem\",\"position\":1,\"name\":\"Accueil\",\"item\":\"https:\\\/\\\/new.acromodeles44.fr\\\/\"},{\"@type\":\"ListItem\",\"position\":2,\"name\":\"Connexion au forum\"}]},{\"@type\":\"WebSite\",\"@id\":\"https:\\\/\\\/new.acromodeles44.fr\\\/#website\",\"url\":\"https:\\\/\\\/new.acromodeles44.fr\\\/\",\"name\":\"Acromod\u00e8les44\",\"description\":\"Club de mod\u00e9lisme en Loire Atlantique\",\"publisher\":{\"@id\":\"https:\\\/\\\/new.acromodeles44.fr\\\/#organization\"},\"potentialAction\":[{\"@type\":\"SearchAction\",\"target\":{\"@type\":\"EntryPoint\",\"urlTemplate\":\"https:\\\/\\\/new.acromodeles44.fr\\\/?s={search_term_string}\"},\"query-input\":{\"@type\":\"PropertyValueSpecification\",\"valueRequired\":true,\"valueName\":\"search_term_string\"}}],\"inLanguage\":\"fr-FR\"},{\"@type\":\"Organization\",\"@id\":\"https:\\\/\\\/new.acromodeles44.fr\\\/#organization\",\"name\":\"Acromod\u00e8les44\",\"url\":\"https:\\\/\\\/new.acromodeles44.fr\\\/\",\"logo\":{\"@type\":\"ImageObject\",\"inLanguage\":\"fr-FR\",\"@id\":\"https:\\\/\\\/new.acromodeles44.fr\\\/#\\\/schema\\\/logo\\\/image\\\/\",\"url\":\"https:\\\/\\\/new.acromodeles44.fr\\\/wp-content\\\/uploads\\\/2024\\\/11\\\/logo-AM44.png\",\"contentUrl\":\"https:\\\/\\\/new.acromodeles44.fr\\\/wp-content\\\/uploads\\\/2024\\\/11\\\/logo-AM44.png\",\"width\":500,\"height\":407,\"caption\":\"Acromod\u00e8les44\"},\"image\":{\"@id\":\"https:\\\/\\\/new.acromodeles44.fr\\\/#\\\/schema\\\/logo\\\/image\\\/\"}}]}<\/script>\n<!-- \/ Yoast SEO plugin. -->","yoast_head_json":{"title":"Connexion au forum - Acromod\u00e8les44","robots":{"index":"index","follow":"follow","max-snippet":"max-snippet:-1","max-image-preview":"max-image-preview:large","max-video-preview":"max-video-preview:-1"},"canonical":"https:\/\/new.acromodeles44.fr\/index.php\/connexion-au-forum\/","og_locale":"fr_FR","og_type":"article","og_title":"Connexion au forum - Acromod\u00e8les44","og_description":"Connexion au forum Bienvenue sur l\u2019espace d\u2019\u00e9change d\u2019Acromod\u00e8les44. Connectez-vous pour participer aux discussions, r\u00e9pondre aux sujets et retrouver les \u00e9changes du club autour de l\u2019a\u00e9romod\u00e9lisme. Mot de passe oubli\u00e9 ? Vous pouvez revenir \u00e0 tout moment vers la page principale &hellip; Lire la suite\u00ad\u00ad","og_url":"https:\/\/new.acromodeles44.fr\/index.php\/connexion-au-forum\/","og_site_name":"Acromod\u00e8les44","article_modified_time":"2026-04-07T13:04:56+00:00","twitter_card":"summary_large_image","twitter_misc":{"Dur\u00e9e de lecture estim\u00e9e":"1 minute"},"schema":{"@context":"https:\/\/schema.org","@graph":[{"@type":"WebPage","@id":"https:\/\/new.acromodeles44.fr\/index.php\/connexion-au-forum\/","url":"https:\/\/new.acromodeles44.fr\/index.php\/connexion-au-forum\/","name":"Connexion au forum - Acromod\u00e8les44","isPartOf":{"@id":"https:\/\/new.acromodeles44.fr\/#website"},"datePublished":"2026-04-06T17:19:16+00:00","dateModified":"2026-04-07T13:04:56+00:00","breadcrumb":{"@id":"https:\/\/new.acromodeles44.fr\/index.php\/connexion-au-forum\/#breadcrumb"},"inLanguage":"fr-FR","potentialAction":[{"@type":"ReadAction","target":["https:\/\/new.acromodeles44.fr\/index.php\/connexion-au-forum\/"]}]},{"@type":"BreadcrumbList","@id":"https:\/\/new.acromodeles44.fr\/index.php\/connexion-au-forum\/#breadcrumb","itemListElement":[{"@type":"ListItem","position":1,"name":"Accueil","item":"https:\/\/new.acromodeles44.fr\/"},{"@type":"ListItem","position":2,"name":"Connexion au forum"}]},{"@type":"WebSite","@id":"https:\/\/new.acromodeles44.fr\/#website","url":"https:\/\/new.acromodeles44.fr\/","name":"Acromod\u00e8les44","description":"Club de mod\u00e9lisme en Loire Atlantique","publisher":{"@id":"https:\/\/new.acromodeles44.fr\/#organization"},"potentialAction":[{"@type":"SearchAction","target":{"@type":"EntryPoint","urlTemplate":"https:\/\/new.acromodeles44.fr\/?s={search_term_string}"},"query-input":{"@type":"PropertyValueSpecification","valueRequired":true,"valueName":"search_term_string"}}],"inLanguage":"fr-FR"},{"@type":"Organization","@id":"https:\/\/new.acromodeles44.fr\/#organization","name":"Acromod\u00e8les44","url":"https:\/\/new.acromodeles44.fr\/","logo":{"@type":"ImageObject","inLanguage":"fr-FR","@id":"https:\/\/new.acromodeles44.fr\/#\/schema\/logo\/image\/","url":"https:\/\/new.acromodeles44.fr\/wp-content\/uploads\/2024\/11\/logo-AM44.png","contentUrl":"https:\/\/new.acromodeles44.fr\/wp-content\/uploads\/2024\/11\/logo-AM44.png","width":500,"height":407,"caption":"Acromod\u00e8les44"},"image":{"@id":"https:\/\/new.acromodeles44.fr\/#\/schema\/logo\/image\/"}}]}},"_links":{"self":[{"href":"https:\/\/new.acromodeles44.fr\/index.php\/wp-json\/wp\/v2\/pages\/571","targetHints":{"allow":["GET"]}}],"collection":[{"href":"https:\/\/new.acromodeles44.fr\/index.php\/wp-json\/wp\/v2\/pages"}],"about":[{"href":"https:\/\/new.acromodeles44.fr\/index.php\/wp-json\/wp\/v2\/types\/page"}],"author":[{"embeddable":true,"href":"https:\/\/new.acromodeles44.fr\/index.php\/wp-json\/wp\/v2\/users\/1"}],"replies":[{"embeddable":true,"href":"https:\/\/new.acromodeles44.fr\/index.php\/wp-json\/wp\/v2\/comments?post=571"}],"version-history":[{"count":6,"href":"https:\/\/new.acromodeles44.fr\/index.php\/wp-json\/wp\/v2\/pages\/571\/revisions"}],"predecessor-version":[{"id":608,"href":"https:\/\/new.acromodeles44.fr\/index.php\/wp-json\/wp\/v2\/pages\/571\/revisions\/608"}],"wp:attachment":[{"href":"https:\/\/new.acromodeles44.fr\/index.php\/wp-json\/wp\/v2\/media?parent=571"}],"curies":[{"name":"wp","href":"https:\/\/api.w.org\/{rel}","templated":true}]}}