{"id":62,"date":"2024-11-24T17:27:31","date_gmt":"2024-11-24T16:27:31","guid":{"rendered":"https:\/\/new.acromodeles44.fr\/?page_id=62"},"modified":"2026-04-04T17:35:10","modified_gmt":"2026-04-04T15:35:10","slug":"test","status":"publish","type":"page","link":"https:\/\/new.acromodeles44.fr\/index.php\/test\/","title":{"rendered":"Contact \u2013 Inscription"},"content":{"rendered":"\n<p><strong>Inscription :<\/strong><\/p>\n\n\n\n<ul class=\"wp-block-list\">\n<li>Nouvelles inscriptions :\n<ul class=\"wp-block-list\">\n<li>Pour nous contacter, \u00e9crivez-nous <a aria-label=\"Contacter le bureau\" href=\"mailto:bureau@acromodeles44.fr?subject=Contact%20Acromodeles44\" class=\"am44-inline-icon-link\"><i class=\"icon-envelope-alt\" aria-hidden=\"true\"><\/i><\/a>.<\/li>\n\n\n\n<li>Ci-dessous les documents \u00e0 fournir :<\/li>\n<\/ul>\n<\/li>\n<\/ul>\n\n\n\n<div data-wp-interactive=\"core\/file\" class=\"wp-block-file\"><object data-wp-bind--hidden=\"!state.hasPdfPreview\" hidden class=\"wp-block-file__embed\" data=\"https:\/\/new.acromodeles44.fr\/wp-content\/uploads\/2025\/09\/Fiche-inscription-2026.pdf\" type=\"application\/pdf\" style=\"width:100%;height:600px\" aria-label=\"Contenu embarqu\u00e9 Fiche-inscription-2026.\"><\/object><a id=\"wp-block-file--media-4f9fabb2-9d58-4ecf-a6d3-7163c7e38d18\" href=\"https:\/\/new.acromodeles44.fr\/wp-content\/uploads\/2025\/09\/Fiche-inscription-2026.pdf\">Fiche-inscription-2026<\/a><a href=\"https:\/\/new.acromodeles44.fr\/wp-content\/uploads\/2025\/09\/Fiche-inscription-2026.pdf\" class=\"wp-block-file__button wp-element-button\" download aria-describedby=\"wp-block-file--media-4f9fabb2-9d58-4ecf-a6d3-7163c7e38d18\">T\u00e9l\u00e9charger<\/a><\/div>\n\n\n\n<div data-wp-interactive=\"core\/file\" class=\"wp-block-file\"><object data-wp-bind--hidden=\"!state.hasPdfPreview\" hidden class=\"wp-block-file__embed\" data=\"https:\/\/new.acromodeles44.fr\/wp-content\/uploads\/2024\/11\/Questionnaire-sante-majeur.pdf\" type=\"application\/pdf\" style=\"width:100%;height:600px\" aria-label=\"Contenu embarqu\u00e9 Questionnaire-sante-majeur.\"><\/object><a id=\"wp-block-file--media-daaf1d87-d663-423b-aa34-0e834a2cc74a\" href=\"https:\/\/new.acromodeles44.fr\/wp-content\/uploads\/2024\/11\/Questionnaire-sante-majeur.pdf\">Questionnaire-sante-majeur<\/a><a href=\"https:\/\/new.acromodeles44.fr\/wp-content\/uploads\/2024\/11\/Questionnaire-sante-majeur.pdf\" class=\"wp-block-file__button wp-element-button\" download aria-describedby=\"wp-block-file--media-daaf1d87-d663-423b-aa34-0e834a2cc74a\">T\u00e9l\u00e9charger<\/a><\/div>\n\n\n\n<div data-wp-interactive=\"core\/file\" class=\"wp-block-file\"><object data-wp-bind--hidden=\"!state.hasPdfPreview\" hidden class=\"wp-block-file__embed\" data=\"https:\/\/new.acromodeles44.fr\/wp-content\/uploads\/2024\/11\/Questionnaire-sante-mineur.pdf\" type=\"application\/pdf\" style=\"width:100%;height:600px\" aria-label=\"Contenu embarqu\u00e9 Questionnaire-sante-mineur.\"><\/object><a id=\"wp-block-file--media-95f55299-d8a6-470d-a26e-05202c25bd2e\" href=\"https:\/\/new.acromodeles44.fr\/wp-content\/uploads\/2024\/11\/Questionnaire-sante-mineur.pdf\">Questionnaire-sante-mineur<\/a><a href=\"https:\/\/new.acromodeles44.fr\/wp-content\/uploads\/2024\/11\/Questionnaire-sante-mineur.pdf\" class=\"wp-block-file__button wp-element-button\" download aria-describedby=\"wp-block-file--media-95f55299-d8a6-470d-a26e-05202c25bd2e\">T\u00e9l\u00e9charger<\/a><\/div>\n\n\n\n<div data-wp-interactive=\"core\/file\" class=\"wp-block-file\"><object data-wp-bind--hidden=\"!state.hasPdfPreview\" hidden class=\"wp-block-file__embed\" data=\"https:\/\/new.acromodeles44.fr\/wp-content\/uploads\/2024\/11\/Certificat-medical-aeromodelisme.pdf\" type=\"application\/pdf\" style=\"width:100%;height:600px\" aria-label=\"Contenu embarqu\u00e9 Certificat-medical-aeromodelisme.\"><\/object><a id=\"wp-block-file--media-f821328b-6930-43e0-af6c-87d1b09314dd\" href=\"https:\/\/new.acromodeles44.fr\/wp-content\/uploads\/2024\/11\/Certificat-medical-aeromodelisme.pdf\">Certificat-medical-aeromodelisme<\/a><a href=\"https:\/\/new.acromodeles44.fr\/wp-content\/uploads\/2024\/11\/Certificat-medical-aeromodelisme.pdf\" class=\"wp-block-file__button wp-element-button\" download aria-describedby=\"wp-block-file--media-f821328b-6930-43e0-af6c-87d1b09314dd\">T\u00e9l\u00e9charger<\/a><\/div>\n\n\n\n<div class=\"wp-block-buttons is-layout-flex wp-block-buttons-is-layout-flex\">\n<div class=\"wp-block-button is-style-outline is-style-outline--1\"><a class=\"wp-block-button__link wp-element-button\" href=\"https:\/\/new.acromodeles44.fr\/\">Retour \u00e0 l\u2019accueil<\/a><\/div>\n<\/div>\n\n\n\n<p><\/p>\n","protected":false},"excerpt":{"rendered":"<p>Inscription :<\/p>\n","protected":false},"author":1,"featured_media":0,"parent":0,"menu_order":0,"comment_status":"closed","ping_status":"closed","template":"page-fullwidth.php","meta":{"_bbp_topic_count":0,"_bbp_reply_count":0,"_bbp_total_topic_count":0,"_bbp_total_reply_count":0,"_bbp_voice_count":0,"_bbp_anonymous_reply_count":0,"_bbp_topic_count_hidden":0,"_bbp_reply_count_hidden":0,"_bbp_forum_subforum_count":0,"_EventAllDay":false,"_EventTimezone":"","_EventStartDate":"","_EventEndDate":"","_EventStartDateUTC":"","_EventEndDateUTC":"","_EventShowMap":false,"_EventShowMapLink":false,"_EventURL":"","_EventCost":"","_EventCostDescription":"","_EventCurrencySymbol":"","_EventCurrencyCode":"","_EventCurrencyPosition":"","_EventDateTimeSeparator":"","_EventTimeRangeSeparator":"","_EventOrganizerID":[],"_EventVenueID":[],"_OrganizerEmail":"","_OrganizerPhone":"","_OrganizerWebsite":"","_VenueAddress":"","_VenueCity":"","_VenueCountry":"","_VenueProvince":"","_VenueState":"","_VenueZip":"","_VenuePhone":"","_VenueURL":"","_VenueStateProvince":"","_VenueLat":"","_VenueLng":"","_VenueShowMap":false,"_VenueShowMapLink":false,"footnotes":""},"class_list":["post-62","page","type-page","status-publish","hentry"],"yoast_head":"<!-- This site is optimized with the Yoast SEO plugin v27.5 - https:\/\/yoast.com\/product\/yoast-seo-wordpress\/ -->\n<title>Contact \u2013 Inscription - Acromod\u00e8les44<\/title>\n<meta name=\"robots\" content=\"index, follow, max-snippet:-1, max-image-preview:large, max-video-preview:-1\" \/>\n<link rel=\"canonical\" href=\"https:\/\/new.acromodeles44.fr\/index.php\/test\/\" \/>\n<meta property=\"og:locale\" content=\"fr_FR\" \/>\n<meta property=\"og:type\" content=\"article\" \/>\n<meta property=\"og:title\" content=\"Contact \u2013 Inscription - Acromod\u00e8les44\" \/>\n<meta property=\"og:description\" content=\"Inscription :\" \/>\n<meta property=\"og:url\" content=\"https:\/\/new.acromodeles44.fr\/index.php\/test\/\" \/>\n<meta property=\"og:site_name\" content=\"Acromod\u00e8les44\" \/>\n<meta property=\"article:modified_time\" content=\"2026-04-04T15:35:10+00:00\" \/>\n<meta name=\"twitter:card\" content=\"summary_large_image\" \/>\n<meta name=\"twitter:label1\" content=\"Dur\u00e9e de lecture estim\u00e9e\" \/>\n\t<meta name=\"twitter:data1\" content=\"1 minute\" \/>\n<script type=\"application\/ld+json\" class=\"yoast-schema-graph\">{\"@context\":\"https:\\\/\\\/schema.org\",\"@graph\":[{\"@type\":\"WebPage\",\"@id\":\"https:\\\/\\\/new.acromodeles44.fr\\\/index.php\\\/test\\\/\",\"url\":\"https:\\\/\\\/new.acromodeles44.fr\\\/index.php\\\/test\\\/\",\"name\":\"Contact \u2013 Inscription - Acromod\u00e8les44\",\"isPartOf\":{\"@id\":\"https:\\\/\\\/new.acromodeles44.fr\\\/#website\"},\"datePublished\":\"2024-11-24T16:27:31+00:00\",\"dateModified\":\"2026-04-04T15:35:10+00:00\",\"breadcrumb\":{\"@id\":\"https:\\\/\\\/new.acromodeles44.fr\\\/index.php\\\/test\\\/#breadcrumb\"},\"inLanguage\":\"fr-FR\",\"potentialAction\":[{\"@type\":\"ReadAction\",\"target\":[\"https:\\\/\\\/new.acromodeles44.fr\\\/index.php\\\/test\\\/\"]}]},{\"@type\":\"BreadcrumbList\",\"@id\":\"https:\\\/\\\/new.acromodeles44.fr\\\/index.php\\\/test\\\/#breadcrumb\",\"itemListElement\":[{\"@type\":\"ListItem\",\"position\":1,\"name\":\"Accueil\",\"item\":\"https:\\\/\\\/new.acromodeles44.fr\\\/\"},{\"@type\":\"ListItem\",\"position\":2,\"name\":\"Contact \u2013 Inscription\"}]},{\"@type\":\"WebSite\",\"@id\":\"https:\\\/\\\/new.acromodeles44.fr\\\/#website\",\"url\":\"https:\\\/\\\/new.acromodeles44.fr\\\/\",\"name\":\"Acromod\u00e8les44\",\"description\":\"Club de mod\u00e9lisme en Loire Atlantique\",\"publisher\":{\"@id\":\"https:\\\/\\\/new.acromodeles44.fr\\\/#organization\"},\"potentialAction\":[{\"@type\":\"SearchAction\",\"target\":{\"@type\":\"EntryPoint\",\"urlTemplate\":\"https:\\\/\\\/new.acromodeles44.fr\\\/?s={search_term_string}\"},\"query-input\":{\"@type\":\"PropertyValueSpecification\",\"valueRequired\":true,\"valueName\":\"search_term_string\"}}],\"inLanguage\":\"fr-FR\"},{\"@type\":\"Organization\",\"@id\":\"https:\\\/\\\/new.acromodeles44.fr\\\/#organization\",\"name\":\"Acromod\u00e8les44\",\"url\":\"https:\\\/\\\/new.acromodeles44.fr\\\/\",\"logo\":{\"@type\":\"ImageObject\",\"inLanguage\":\"fr-FR\",\"@id\":\"https:\\\/\\\/new.acromodeles44.fr\\\/#\\\/schema\\\/logo\\\/image\\\/\",\"url\":\"https:\\\/\\\/new.acromodeles44.fr\\\/wp-content\\\/uploads\\\/2024\\\/11\\\/logo-AM44.png\",\"contentUrl\":\"https:\\\/\\\/new.acromodeles44.fr\\\/wp-content\\\/uploads\\\/2024\\\/11\\\/logo-AM44.png\",\"width\":500,\"height\":407,\"caption\":\"Acromod\u00e8les44\"},\"image\":{\"@id\":\"https:\\\/\\\/new.acromodeles44.fr\\\/#\\\/schema\\\/logo\\\/image\\\/\"}}]}<\/script>\n<!-- \/ Yoast SEO plugin. -->","yoast_head_json":{"title":"Contact \u2013 Inscription - Acromod\u00e8les44","robots":{"index":"index","follow":"follow","max-snippet":"max-snippet:-1","max-image-preview":"max-image-preview:large","max-video-preview":"max-video-preview:-1"},"canonical":"https:\/\/new.acromodeles44.fr\/index.php\/test\/","og_locale":"fr_FR","og_type":"article","og_title":"Contact \u2013 Inscription - Acromod\u00e8les44","og_description":"Inscription :","og_url":"https:\/\/new.acromodeles44.fr\/index.php\/test\/","og_site_name":"Acromod\u00e8les44","article_modified_time":"2026-04-04T15:35:10+00:00","twitter_card":"summary_large_image","twitter_misc":{"Dur\u00e9e de lecture estim\u00e9e":"1 minute"},"schema":{"@context":"https:\/\/schema.org","@graph":[{"@type":"WebPage","@id":"https:\/\/new.acromodeles44.fr\/index.php\/test\/","url":"https:\/\/new.acromodeles44.fr\/index.php\/test\/","name":"Contact \u2013 Inscription - Acromod\u00e8les44","isPartOf":{"@id":"https:\/\/new.acromodeles44.fr\/#website"},"datePublished":"2024-11-24T16:27:31+00:00","dateModified":"2026-04-04T15:35:10+00:00","breadcrumb":{"@id":"https:\/\/new.acromodeles44.fr\/index.php\/test\/#breadcrumb"},"inLanguage":"fr-FR","potentialAction":[{"@type":"ReadAction","target":["https:\/\/new.acromodeles44.fr\/index.php\/test\/"]}]},{"@type":"BreadcrumbList","@id":"https:\/\/new.acromodeles44.fr\/index.php\/test\/#breadcrumb","itemListElement":[{"@type":"ListItem","position":1,"name":"Accueil","item":"https:\/\/new.acromodeles44.fr\/"},{"@type":"ListItem","position":2,"name":"Contact \u2013 Inscription"}]},{"@type":"WebSite","@id":"https:\/\/new.acromodeles44.fr\/#website","url":"https:\/\/new.acromodeles44.fr\/","name":"Acromod\u00e8les44","description":"Club de mod\u00e9lisme en Loire Atlantique","publisher":{"@id":"https:\/\/new.acromodeles44.fr\/#organization"},"potentialAction":[{"@type":"SearchAction","target":{"@type":"EntryPoint","urlTemplate":"https:\/\/new.acromodeles44.fr\/?s={search_term_string}"},"query-input":{"@type":"PropertyValueSpecification","valueRequired":true,"valueName":"search_term_string"}}],"inLanguage":"fr-FR"},{"@type":"Organization","@id":"https:\/\/new.acromodeles44.fr\/#organization","name":"Acromod\u00e8les44","url":"https:\/\/new.acromodeles44.fr\/","logo":{"@type":"ImageObject","inLanguage":"fr-FR","@id":"https:\/\/new.acromodeles44.fr\/#\/schema\/logo\/image\/","url":"https:\/\/new.acromodeles44.fr\/wp-content\/uploads\/2024\/11\/logo-AM44.png","contentUrl":"https:\/\/new.acromodeles44.fr\/wp-content\/uploads\/2024\/11\/logo-AM44.png","width":500,"height":407,"caption":"Acromod\u00e8les44"},"image":{"@id":"https:\/\/new.acromodeles44.fr\/#\/schema\/logo\/image\/"}}]}},"_links":{"self":[{"href":"https:\/\/new.acromodeles44.fr\/index.php\/wp-json\/wp\/v2\/pages\/62","targetHints":{"allow":["GET"]}}],"collection":[{"href":"https:\/\/new.acromodeles44.fr\/index.php\/wp-json\/wp\/v2\/pages"}],"about":[{"href":"https:\/\/new.acromodeles44.fr\/index.php\/wp-json\/wp\/v2\/types\/page"}],"author":[{"embeddable":true,"href":"https:\/\/new.acromodeles44.fr\/index.php\/wp-json\/wp\/v2\/users\/1"}],"replies":[{"embeddable":true,"href":"https:\/\/new.acromodeles44.fr\/index.php\/wp-json\/wp\/v2\/comments?post=62"}],"version-history":[{"count":30,"href":"https:\/\/new.acromodeles44.fr\/index.php\/wp-json\/wp\/v2\/pages\/62\/revisions"}],"predecessor-version":[{"id":491,"href":"https:\/\/new.acromodeles44.fr\/index.php\/wp-json\/wp\/v2\/pages\/62\/revisions\/491"}],"wp:attachment":[{"href":"https:\/\/new.acromodeles44.fr\/index.php\/wp-json\/wp\/v2\/media?parent=62"}],"curies":[{"name":"wp","href":"https:\/\/api.w.org\/{rel}","templated":true}]}}