{"id":794,"date":"2026-04-19T21:18:04","date_gmt":"2026-04-19T19:18:04","guid":{"rendered":"https:\/\/new.acromodeles44.fr\/?page_id=794"},"modified":"2026-04-19T21:26:37","modified_gmt":"2026-04-19T19:26:37","slug":"brevet-a-et-qpdd","status":"publish","type":"page","link":"https:\/\/new.acromodeles44.fr\/index.php\/brevet-a-et-qpdd\/","title":{"rendered":"Brevet A et QPDD"},"content":{"rendered":"\n<section style=\"padding:40px 20px;\">\n  <div style=\"max-width:960px;margin:0 auto;background:linear-gradient(180deg,#f8f1e6 0%,#f1e8d8 100%);border:1px solid rgba(76,93,45,.14);border-radius:30px;padding:38px 28px;box-shadow:0 24px 60px rgba(58,74,34,.10);text-align:center;\">\n    <div style=\"max-width:800px;margin:0 auto 20px auto;\">\n      <svg xmlns=\"http:\/\/www.w3.org\/2000\/svg\" viewBox=\"0 0 1200 800\" role=\"img\" aria-label=\"Terrain d'a\u00e9romod\u00e9lisme calme avec clubhouse et petit avion\" style=\"width:100%;height:auto;display:block;\">\n        <rect width=\"1200\" height=\"800\" fill=\"#f5eee1\"><\/rect>\n        <rect y=\"520\" width=\"1200\" height=\"280\" fill=\"#a8bf73\"><\/rect>\n        <ellipse cx=\"610\" cy=\"510\" rx=\"690\" ry=\"150\" fill=\"#c6d69a\"><\/ellipse>\n        <ellipse cx=\"620\" cy=\"560\" rx=\"720\" ry=\"160\" fill=\"#95ae5d\"><\/ellipse>\n        <circle cx=\"170\" cy=\"130\" r=\"42\" fill=\"#fffdf9\" opacity=\"0.9\"><\/circle>\n        <circle cx=\"210\" cy=\"120\" r=\"28\" fill=\"#fffdf9\" opacity=\"0.9\"><\/circle>\n        <circle cx=\"245\" cy=\"135\" r=\"24\" fill=\"#fffdf9\" opacity=\"0.9\"><\/circle>\n        <circle cx=\"915\" cy=\"150\" r=\"40\" fill=\"#fffdf9\" opacity=\"0.88\"><\/circle>\n        <circle cx=\"957\" cy=\"136\" r=\"30\" fill=\"#fffdf9\" opacity=\"0.88\"><\/circle>\n        <circle cx=\"992\" cy=\"152\" r=\"23\" fill=\"#fffdf9\" opacity=\"0.88\"><\/circle>\n        <path d=\"M 210 540 Q 340 460 465 540 Z\" fill=\"#89a05a\" opacity=\"0.55\"><\/path>\n        <path d=\"M 710 530 Q 845 452 985 530 Z\" fill=\"#89a05a\" opacity=\"0.55\"><\/path>\n        <g transform=\"translate(250 365)\">\n          <rect x=\"0\" y=\"120\" width=\"210\" height=\"120\" rx=\"10\" fill=\"#d8b07f\" stroke=\"#7e5b36\" stroke-width=\"8\"><\/rect>\n          <path d=\"M -18 126 L 105 38 L 228 126 Z\" fill=\"#815232\" stroke=\"#623b23\" stroke-width=\"8\"><\/path>\n          <rect x=\"24\" y=\"150\" width=\"48\" height=\"40\" rx=\"6\" fill=\"#fff5df\" stroke=\"#7e5b36\" stroke-width=\"6\"><\/rect>\n          <rect x=\"138\" y=\"150\" width=\"48\" height=\"40\" rx=\"6\" fill=\"#fff5df\" stroke=\"#7e5b36\" stroke-width=\"6\"><\/rect>\n          <rect x=\"84\" y=\"170\" width=\"42\" height=\"70\" rx=\"6\" fill=\"#7e5b36\"><\/rect>\n          <rect x=\"52\" y=\"92\" width=\"106\" height=\"32\" rx=\"10\" fill=\"#fff8ee\" stroke=\"#6d7b4f\" stroke-width=\"6\"><\/rect>\n          <text x=\"105\" y=\"115\" text-anchor=\"middle\" font-family=\"Arial, Helvetica, sans-serif\" font-size=\"28\" font-weight=\"700\" fill=\"#394825\">AM44<\/text>\n        <\/g>\n        <g transform=\"translate(905 315)\">\n          <rect x=\"-6\" y=\"0\" width=\"12\" height=\"210\" rx=\"5\" fill=\"#4e5b39\"><\/rect>\n          <path d=\"M 0 26 L 82 42 L 0 60 Z\" fill=\"#d95757\"><\/path>\n          <path d=\"M 0 36 L 54 46 L 0 56 Z\" fill=\"#fff7ea\"><\/path>\n        <\/g>\n        <g>\n          <rect x=\"420\" y=\"560\" width=\"380\" height=\"76\" rx=\"38\" fill=\"#6a7557\"><\/rect>\n          <rect x=\"455\" y=\"588\" width=\"310\" height=\"12\" rx=\"6\" fill=\"#d6dcc8\" opacity=\"0.9\"><\/rect>\n          <rect x=\"500\" y=\"588\" width=\"72\" height=\"12\" rx=\"6\" fill=\"#6a7557\"><\/rect>\n          <rect x=\"650\" y=\"588\" width=\"72\" height=\"12\" rx=\"6\" fill=\"#6a7557\"><\/rect>\n        <\/g>\n        <g transform=\"translate(690 560) rotate(-16)\">\n          <ellipse cx=\"0\" cy=\"96\" rx=\"110\" ry=\"34\" fill=\"#70854a\" opacity=\"0.24\"><\/ellipse>\n          <rect x=\"-145\" y=\"-12\" width=\"290\" height=\"26\" rx=\"13\" fill=\"#f2f4f7\" stroke=\"#6b7ca4\" stroke-width=\"7\"><\/rect>\n          <rect x=\"-48\" y=\"-82\" width=\"92\" height=\"188\" rx=\"36\" fill=\"#d84f4f\" stroke=\"#972c2c\" stroke-width=\"8\"><\/rect>\n          <rect x=\"-28\" y=\"-30\" width=\"56\" height=\"98\" rx=\"22\" fill=\"#fff8ef\" opacity=\"0.96\"><\/rect>\n          <rect x=\"-75\" y=\"-72\" width=\"30\" height=\"72\" rx=\"12\" fill=\"#f2f4f7\" stroke=\"#6b7ca4\" stroke-width=\"7\"><\/rect>\n          <rect x=\"44\" y=\"-72\" width=\"28\" height=\"64\" rx=\"12\" fill=\"#f2f4f7\" stroke=\"#6b7ca4\" stroke-width=\"7\"><\/rect>\n          <circle cx=\"0\" cy=\"8\" r=\"21\" fill=\"#9fd0ed\" stroke=\"#425f7a\" stroke-width=\"6\"><\/circle>\n          <circle cx=\"-14\" cy=\"12\" r=\"4.5\" fill=\"#23313f\"><\/circle>\n          <circle cx=\"14\" cy=\"12\" r=\"4.5\" fill=\"#23313f\"><\/circle>\n          <path d=\"M -14 35 Q 0 48 14 35\" fill=\"none\" stroke=\"#23313f\" stroke-width=\"5\" stroke-linecap=\"round\"><\/path>\n          <rect x=\"-10\" y=\"104\" width=\"20\" height=\"58\" rx=\"10\" fill=\"#38434f\"><\/rect>\n          <path d=\"M -38 148 L 0 118 L 38 148\" fill=\"none\" stroke=\"#38434f\" stroke-width=\"10\" stroke-linecap=\"round\"><\/path>\n        <\/g>\n        <g transform=\"translate(865 520)\">\n          <path d=\"M 0 0 C 0 -18 18 -34 42 -34 H 216 C 242 -34 260 -18 260 0 V 68 C 260 86 242 102 216 102 H 126 L 88 140 L 94 102 H 42 C 18 102 0 86 0 68 Z\" fill=\"#fffaf2\" stroke=\"#57663a\" stroke-width=\"7\"><\/path>\n          <text x=\"130\" y=\"18\" text-anchor=\"middle\" font-family=\"Arial, Helvetica, sans-serif\" font-size=\"28\" font-weight=\"700\" fill=\"#394825\">Terrain calme<\/text>\n          <text x=\"130\" y=\"56\" text-anchor=\"middle\" font-family=\"Arial, Helvetica, sans-serif\" font-size=\"24\" fill=\"#4e5b39\">mais on revient vite<\/text>\n        <\/g>\n        <g fill=\"#7e9d55\" opacity=\"0.95\">\n          <path d=\"M 120 700 L 134 648 L 150 700 Z\"><\/path>\n          <path d=\"M 165 700 L 178 642 L 196 700 Z\"><\/path>\n          <path d=\"M 214 706 L 228 650 L 244 706 Z\"><\/path>\n          <path d=\"M 988 710 L 1002 656 L 1018 710 Z\"><\/path>\n          <path d=\"M 1030 706 L 1043 644 L 1060 706 Z\"><\/path>\n          <path d=\"M 1080 708 L 1094 652 L 1110 708 Z\"><\/path>\n        <\/g>\n      <\/svg>\n    <\/div>\n\n    <p style=\"margin:0 0 10px 0;font-size:13px;letter-spacing:.16em;text-transform:uppercase;color:#6f7f55;font-weight:700;\">Acromod\u00e8les44<\/p>\n    <h1 style=\"margin:0 0 14px 0;font-size:clamp(32px,5vw,54px);line-height:1.05;color:#33411f;\">Oups, il n&rsquo;y a rien pour le moment !<\/h1>\n    <p style=\"max-width:680px;margin:0 auto 12px auto;font-size:18px;line-height:1.7;color:#4d5a32;\">Le terrain est calme, le clubhouse aussi, et notre petit avion attend sagement le prochain vol.<\/p>\n    <p style=\"max-width:680px;margin:0 auto 28px auto;font-size:17px;line-height:1.7;color:#59683d;\">Cette page est encore en pr\u00e9paration, mais elle ne tardera pas \u00e0 rejoindre le reste du site d&rsquo;Acromod\u00e8les44.<\/p>\n    <div class=\"wp-block-buttons is-content-justification-center is-layout-flex wp-block-buttons-is-layout-flex\" style=\"justify-content:center;gap:12px;\">\n      <div class=\"wp-block-button\">\n        <a class=\"wp-block-button__link wp-element-button\" href=\"\/\">Retour \u00e0 l&rsquo;accueil<\/a>\n      <\/div>\n      <div class=\"wp-block-button is-style-outline\">\n        <a class=\"wp-block-button__link wp-element-button\" href=\"mailto:bureau@acromodeles44.fr?subject=Contact%20depuis%20le%20site%20AM44\">Nous \u00e9crire<\/a>\n      <\/div>\n    <\/div>\n  <\/div>\n<\/section>\n\n","protected":false},"excerpt":{"rendered":"<p>AM44 Terrain calme mais on revient vite Acromod\u00e8les44 Oups, il n&rsquo;y a rien pour le moment ! Le terrain est calme, le clubhouse aussi, et notre petit avion attend sagement le prochain vol. Cette page est encore en pr\u00e9paration, mais &hellip; <a href=\"https:\/\/new.acromodeles44.fr\/index.php\/brevet-a-et-qpdd\/\">Lire la suite\u00ad\u00ad<\/a><\/p>\n","protected":false},"author":1,"featured_media":0,"parent":0,"menu_order":0,"comment_status":"closed","ping_status":"closed","template":"","meta":{"_bbp_topic_count":0,"_bbp_reply_count":0,"_bbp_total_topic_count":0,"_bbp_total_reply_count":0,"_bbp_voice_count":0,"_bbp_anonymous_reply_count":0,"_bbp_topic_count_hidden":0,"_bbp_reply_count_hidden":0,"_bbp_forum_subforum_count":0,"_EventAllDay":false,"_EventTimezone":"","_EventStartDate":"","_EventEndDate":"","_EventStartDateUTC":"","_EventEndDateUTC":"","_EventShowMap":false,"_EventShowMapLink":false,"_EventURL":"","_EventCost":"","_EventCostDescription":"","_EventCurrencySymbol":"","_EventCurrencyCode":"","_EventCurrencyPosition":"","_EventDateTimeSeparator":"","_EventTimeRangeSeparator":"","_EventOrganizerID":[],"_EventVenueID":[],"_OrganizerEmail":"","_OrganizerPhone":"","_OrganizerWebsite":"","_VenueAddress":"","_VenueCity":"","_VenueCountry":"","_VenueProvince":"","_VenueState":"","_VenueZip":"","_VenuePhone":"","_VenueURL":"","_VenueStateProvince":"","_VenueLat":"","_VenueLng":"","_VenueShowMap":false,"_VenueShowMapLink":false,"footnotes":""},"class_list":["post-794","page","type-page","status-publish","hentry"],"yoast_head":"<!-- This site is optimized with the Yoast SEO plugin v27.5 - https:\/\/yoast.com\/product\/yoast-seo-wordpress\/ -->\n<title>Brevet A et QPDD - Acromod\u00e8les44<\/title>\n<meta name=\"robots\" content=\"index, follow, max-snippet:-1, max-image-preview:large, max-video-preview:-1\" \/>\n<link rel=\"canonical\" href=\"https:\/\/new.acromodeles44.fr\/index.php\/brevet-a-et-qpdd\/\" \/>\n<meta property=\"og:locale\" content=\"fr_FR\" \/>\n<meta property=\"og:type\" content=\"article\" \/>\n<meta property=\"og:title\" content=\"Brevet A et QPDD - Acromod\u00e8les44\" \/>\n<meta property=\"og:description\" content=\"AM44 Terrain calme mais on revient vite Acromod\u00e8les44 Oups, il n&rsquo;y a rien pour le moment ! Le terrain est calme, le clubhouse aussi, et notre petit avion attend sagement le prochain vol. Cette page est encore en pr\u00e9paration, mais &hellip; Lire la suite\u00ad\u00ad\" \/>\n<meta property=\"og:url\" content=\"https:\/\/new.acromodeles44.fr\/index.php\/brevet-a-et-qpdd\/\" \/>\n<meta property=\"og:site_name\" content=\"Acromod\u00e8les44\" \/>\n<meta property=\"article:modified_time\" content=\"2026-04-19T19:26:37+00:00\" \/>\n<meta name=\"twitter:card\" content=\"summary_large_image\" \/>\n<meta name=\"twitter:label1\" content=\"Dur\u00e9e de lecture estim\u00e9e\" \/>\n\t<meta name=\"twitter:data1\" content=\"1 minute\" \/>\n<script type=\"application\/ld+json\" class=\"yoast-schema-graph\">{\"@context\":\"https:\\\/\\\/schema.org\",\"@graph\":[{\"@type\":\"WebPage\",\"@id\":\"https:\\\/\\\/new.acromodeles44.fr\\\/index.php\\\/brevet-a-et-qpdd\\\/\",\"url\":\"https:\\\/\\\/new.acromodeles44.fr\\\/index.php\\\/brevet-a-et-qpdd\\\/\",\"name\":\"Brevet A et QPDD - Acromod\u00e8les44\",\"isPartOf\":{\"@id\":\"https:\\\/\\\/new.acromodeles44.fr\\\/#website\"},\"datePublished\":\"2026-04-19T19:18:04+00:00\",\"dateModified\":\"2026-04-19T19:26:37+00:00\",\"breadcrumb\":{\"@id\":\"https:\\\/\\\/new.acromodeles44.fr\\\/index.php\\\/brevet-a-et-qpdd\\\/#breadcrumb\"},\"inLanguage\":\"fr-FR\",\"potentialAction\":[{\"@type\":\"ReadAction\",\"target\":[\"https:\\\/\\\/new.acromodeles44.fr\\\/index.php\\\/brevet-a-et-qpdd\\\/\"]}]},{\"@type\":\"BreadcrumbList\",\"@id\":\"https:\\\/\\\/new.acromodeles44.fr\\\/index.php\\\/brevet-a-et-qpdd\\\/#breadcrumb\",\"itemListElement\":[{\"@type\":\"ListItem\",\"position\":1,\"name\":\"Accueil\",\"item\":\"https:\\\/\\\/new.acromodeles44.fr\\\/\"},{\"@type\":\"ListItem\",\"position\":2,\"name\":\"Brevet A et QPDD\"}]},{\"@type\":\"WebSite\",\"@id\":\"https:\\\/\\\/new.acromodeles44.fr\\\/#website\",\"url\":\"https:\\\/\\\/new.acromodeles44.fr\\\/\",\"name\":\"Acromod\u00e8les44\",\"description\":\"Club de mod\u00e9lisme en Loire Atlantique\",\"publisher\":{\"@id\":\"https:\\\/\\\/new.acromodeles44.fr\\\/#organization\"},\"potentialAction\":[{\"@type\":\"SearchAction\",\"target\":{\"@type\":\"EntryPoint\",\"urlTemplate\":\"https:\\\/\\\/new.acromodeles44.fr\\\/?s={search_term_string}\"},\"query-input\":{\"@type\":\"PropertyValueSpecification\",\"valueRequired\":true,\"valueName\":\"search_term_string\"}}],\"inLanguage\":\"fr-FR\"},{\"@type\":\"Organization\",\"@id\":\"https:\\\/\\\/new.acromodeles44.fr\\\/#organization\",\"name\":\"Acromod\u00e8les44\",\"url\":\"https:\\\/\\\/new.acromodeles44.fr\\\/\",\"logo\":{\"@type\":\"ImageObject\",\"inLanguage\":\"fr-FR\",\"@id\":\"https:\\\/\\\/new.acromodeles44.fr\\\/#\\\/schema\\\/logo\\\/image\\\/\",\"url\":\"https:\\\/\\\/new.acromodeles44.fr\\\/wp-content\\\/uploads\\\/2024\\\/11\\\/logo-AM44.png\",\"contentUrl\":\"https:\\\/\\\/new.acromodeles44.fr\\\/wp-content\\\/uploads\\\/2024\\\/11\\\/logo-AM44.png\",\"width\":500,\"height\":407,\"caption\":\"Acromod\u00e8les44\"},\"image\":{\"@id\":\"https:\\\/\\\/new.acromodeles44.fr\\\/#\\\/schema\\\/logo\\\/image\\\/\"}}]}<\/script>\n<!-- \/ Yoast SEO plugin. -->","yoast_head_json":{"title":"Brevet A et QPDD - Acromod\u00e8les44","robots":{"index":"index","follow":"follow","max-snippet":"max-snippet:-1","max-image-preview":"max-image-preview:large","max-video-preview":"max-video-preview:-1"},"canonical":"https:\/\/new.acromodeles44.fr\/index.php\/brevet-a-et-qpdd\/","og_locale":"fr_FR","og_type":"article","og_title":"Brevet A et QPDD - Acromod\u00e8les44","og_description":"AM44 Terrain calme mais on revient vite Acromod\u00e8les44 Oups, il n&rsquo;y a rien pour le moment ! Le terrain est calme, le clubhouse aussi, et notre petit avion attend sagement le prochain vol. Cette page est encore en pr\u00e9paration, mais &hellip; Lire la suite\u00ad\u00ad","og_url":"https:\/\/new.acromodeles44.fr\/index.php\/brevet-a-et-qpdd\/","og_site_name":"Acromod\u00e8les44","article_modified_time":"2026-04-19T19:26:37+00:00","twitter_card":"summary_large_image","twitter_misc":{"Dur\u00e9e de lecture estim\u00e9e":"1 minute"},"schema":{"@context":"https:\/\/schema.org","@graph":[{"@type":"WebPage","@id":"https:\/\/new.acromodeles44.fr\/index.php\/brevet-a-et-qpdd\/","url":"https:\/\/new.acromodeles44.fr\/index.php\/brevet-a-et-qpdd\/","name":"Brevet A et QPDD - Acromod\u00e8les44","isPartOf":{"@id":"https:\/\/new.acromodeles44.fr\/#website"},"datePublished":"2026-04-19T19:18:04+00:00","dateModified":"2026-04-19T19:26:37+00:00","breadcrumb":{"@id":"https:\/\/new.acromodeles44.fr\/index.php\/brevet-a-et-qpdd\/#breadcrumb"},"inLanguage":"fr-FR","potentialAction":[{"@type":"ReadAction","target":["https:\/\/new.acromodeles44.fr\/index.php\/brevet-a-et-qpdd\/"]}]},{"@type":"BreadcrumbList","@id":"https:\/\/new.acromodeles44.fr\/index.php\/brevet-a-et-qpdd\/#breadcrumb","itemListElement":[{"@type":"ListItem","position":1,"name":"Accueil","item":"https:\/\/new.acromodeles44.fr\/"},{"@type":"ListItem","position":2,"name":"Brevet A et QPDD"}]},{"@type":"WebSite","@id":"https:\/\/new.acromodeles44.fr\/#website","url":"https:\/\/new.acromodeles44.fr\/","name":"Acromod\u00e8les44","description":"Club de mod\u00e9lisme en Loire Atlantique","publisher":{"@id":"https:\/\/new.acromodeles44.fr\/#organization"},"potentialAction":[{"@type":"SearchAction","target":{"@type":"EntryPoint","urlTemplate":"https:\/\/new.acromodeles44.fr\/?s={search_term_string}"},"query-input":{"@type":"PropertyValueSpecification","valueRequired":true,"valueName":"search_term_string"}}],"inLanguage":"fr-FR"},{"@type":"Organization","@id":"https:\/\/new.acromodeles44.fr\/#organization","name":"Acromod\u00e8les44","url":"https:\/\/new.acromodeles44.fr\/","logo":{"@type":"ImageObject","inLanguage":"fr-FR","@id":"https:\/\/new.acromodeles44.fr\/#\/schema\/logo\/image\/","url":"https:\/\/new.acromodeles44.fr\/wp-content\/uploads\/2024\/11\/logo-AM44.png","contentUrl":"https:\/\/new.acromodeles44.fr\/wp-content\/uploads\/2024\/11\/logo-AM44.png","width":500,"height":407,"caption":"Acromod\u00e8les44"},"image":{"@id":"https:\/\/new.acromodeles44.fr\/#\/schema\/logo\/image\/"}}]}},"_links":{"self":[{"href":"https:\/\/new.acromodeles44.fr\/index.php\/wp-json\/wp\/v2\/pages\/794","targetHints":{"allow":["GET"]}}],"collection":[{"href":"https:\/\/new.acromodeles44.fr\/index.php\/wp-json\/wp\/v2\/pages"}],"about":[{"href":"https:\/\/new.acromodeles44.fr\/index.php\/wp-json\/wp\/v2\/types\/page"}],"author":[{"embeddable":true,"href":"https:\/\/new.acromodeles44.fr\/index.php\/wp-json\/wp\/v2\/users\/1"}],"replies":[{"embeddable":true,"href":"https:\/\/new.acromodeles44.fr\/index.php\/wp-json\/wp\/v2\/comments?post=794"}],"version-history":[{"count":3,"href":"https:\/\/new.acromodeles44.fr\/index.php\/wp-json\/wp\/v2\/pages\/794\/revisions"}],"predecessor-version":[{"id":797,"href":"https:\/\/new.acromodeles44.fr\/index.php\/wp-json\/wp\/v2\/pages\/794\/revisions\/797"}],"wp:attachment":[{"href":"https:\/\/new.acromodeles44.fr\/index.php\/wp-json\/wp\/v2\/media?parent=794"}],"curies":[{"name":"wp","href":"https:\/\/api.w.org\/{rel}","templated":true}]}}